{"id":1188,"date":"2021-03-10T08:40:44","date_gmt":"2021-03-10T08:40:44","guid":{"rendered":"http:\/\/passolutions.es\/?page_id=1188"},"modified":"2021-03-10T09:40:37","modified_gmt":"2021-03-10T09:40:37","slug":"intranets-crm-y-newsletter","status":"publish","type":"page","link":"https:\/\/passolutions.es\/index.php\/servicios\/intranets-crm-y-newsletter\/?lang=es","title":{"rendered":"Intranets, CRM y Newsletter"},"content":{"rendered":"<div class=\"wpb-content-wrapper\"><p>[vc_row css_animation=&#8221;&#8221; row_type=&#8221;row&#8221; use_row_as_full_screen_section=&#8221;no&#8221; type=&#8221;grid&#8221; angled_section=&#8221;no&#8221; text_align=&#8221;center&#8221; background_image_as_pattern=&#8221;without_pattern&#8221; padding_top=&#8221;75&#8243; padding_bottom=&#8221;105&#8243; z_index=&#8221;&#8221;][vc_column offset=&#8221;vc_col-lg-offset-0 vc_col-lg-6 vc_col-md-offset-0 vc_col-sm-offset-0&#8243;][vc_column_text]<\/p>\n<h2>expertos en Intranets, CRM y Newsletter<\/h2>\n<p>[\/vc_column_text][vc_separator type=&#8221;small&#8221; position=&#8221;center&#8221;][vc_column_text]<\/p>\n<h3>A PasSolutions disponemos del software que su empresa necesita.<\/h3>\n<p>[\/vc_column_text][vc_separator type=&#8221;transparent&#8221; up=&#8221;30&#8243; down=&#8221;0&#8243;][vc_column_text]Disponemos de software propio de intranets, CRM y Newsletter, con diferentes versiones para cubrir sus necesidades: Gesti\u00f3n de clientes, pedidos, gesti\u00f3n de incidencias t\u00e9cnicas, env\u00edo de Newsletter\u2026<\/p>\n<p>Al ser un software desarrollado a medida, podemos adaptar la aplicaci\u00f3n a sus necesidades y forma de trabajar.<\/p>\n<p>Todo alojado a la nube, en servidores de \u00faltima generaci\u00f3n, y con la tecnolog\u00eda m\u00e1s actual.[\/vc_column_text][vc_separator type=&#8221;transparent&#8221; up=&#8221;40&#8243; down=&#8221;0&#8243;][\/vc_column][vc_column offset=&#8221;vc_col-lg-offset-0 vc_col-lg-6 vc_col-md-offset-0 vc_col-sm-offset-0&#8243;][vc_separator type=&#8221;transparent&#8221; up=&#8221;7&#8243; down=&#8221;0&#8243;][vc_single_image image=&#8221;1257&#8243; img_size=&#8221;full&#8221; alignment=&#8221;center&#8221; qode_css_animation=&#8221;element_from_left&#8221;][\/vc_column][\/vc_row][vc_row row_type=&#8221;parallax&#8221; parallax_content_width=&#8221;full_width&#8221; text_align=&#8221;left&#8221; full_screen_section_height=&#8221;no&#8221; background_image=&#8221;724&#8243;][vc_column][vc_separator type=&#8221;transparent&#8221; up=&#8221;126&#8243; down=&#8221;0&#8243;][vc_row_inner row_type=&#8221;row&#8221; type=&#8221;grid&#8221; text_align=&#8221;left&#8221; css_animation=&#8221;&#8221;][vc_column_inner width=&#8221;2\/3&#8243; offset=&#8221;vc_col-lg-offset-0 vc_col-md-offset-0 vc_col-sm-offset-0&#8243;][vc_separator type=&#8221;transparent&#8221; up=&#8221;40&#8243; down=&#8221;0&#8243;][vc_column_text]<\/p>\n<h2 style=\"color: #fff;\">Quieres conocer nuestras soluciones?<\/h2>\n<h3 style=\"color: #fff;\">Contacta con nosotros.<\/h3>\n<p>[\/vc_column_text][vc_separator type=&#8221;transparent&#8221; up=&#8221;40&#8243; down=&#8221;0&#8243;][\/vc_column_inner][vc_column_inner width=&#8221;1\/3&#8243;][vc_separator type=&#8221;transparent&#8221; up=&#8221;40&#8243; down=&#8221;0&#8243;]\n\n\t<a href=\"http:\/\/passolutions.es\/?page_id=1148&#038;lang=es\" target=\"_self\"  class=\"qode-btn qode-btn-medium qode-btn-solid qode-btn-icon qode-btn-default-hover\"  >\n\t    <span class=\"qode-btn-text\">Contactar<\/span><span class=\"qode-button-v2-icon-holder\"  ><i class=\"qode_icon_font_awesome fa fa-arrow-circle-o-right qode-button-v2-icon-holder-inner\" ><\/i><\/span>\t<\/a>\n\n[vc_separator type=&#8221;transparent&#8221; up=&#8221;40&#8243; down=&#8221;0&#8243;][\/vc_column_inner][\/vc_row_inner][vc_separator type=&#8221;transparent&#8221; up=&#8221;80&#8243; down=&#8221;0&#8243;][\/vc_column][\/vc_row][vc_row css_animation=&#8221;&#8221; row_type=&#8221;row&#8221; use_row_as_full_screen_section=&#8221;no&#8221; type=&#8221;full_width&#8221; angled_section=&#8221;no&#8221; text_align=&#8221;left&#8221; background_image_as_pattern=&#8221;without_pattern&#8221; background_color=&#8221;#2d5c88&#8243; z_index=&#8221;&#8221;][vc_column]<div class='qode_carousels_holder clearfix'><div class='qode_carousels' data-number-of-visible-items=''><ul class='slides'><li class='item'><div class=\"carousel_item_holder\"><a itemprop='url' href='http:\/\/passolutions.es\/?page_id=274' target='_blank'><span class='first_image_holder has_hover_image'><img decoding=\"async\" itemprop=\"image\" src=\"http:\/\/passolutions.es\/wp-content\/uploads\/2020\/12\/sage-1.png\" alt=\"carousel image\" \/><\/span><span class='second_image_holder has_hover_image'><img decoding=\"async\" itemprop=\"image\" src=\"http:\/\/passolutions.es\/wp-content\/uploads\/2020\/12\/sage-1.png\" alt=\"carousel image\" \/><\/span><\/a><\/div><\/li><li class='item'><div class=\"carousel_item_holder\"><a itemprop='url' href='http:\/\/passolutions.es\/?page_id=274' target='_blank'><span class='first_image_holder has_hover_image'><img decoding=\"async\" itemprop=\"image\" src=\"http:\/\/passolutions.es\/wp-content\/uploads\/2020\/12\/microsoft-1.png\" alt=\"carousel image\" \/><\/span><span class='second_image_holder has_hover_image'><img decoding=\"async\" itemprop=\"image\" src=\"http:\/\/passolutions.es\/wp-content\/uploads\/2020\/12\/microsoft-1.png\" alt=\"carousel image\" \/><\/span><\/a><\/div><\/li><li class='item'><div class=\"carousel_item_holder\"><a itemprop='url' href='http:\/\/passolutions.es\/?page_id=274' target='_blank'><span class='first_image_holder has_hover_image'><img decoding=\"async\" itemprop=\"image\" src=\"http:\/\/passolutions.es\/wp-content\/uploads\/2020\/12\/sonicwall.png\" alt=\"carousel image\" \/><\/span><span class='second_image_holder has_hover_image'><img decoding=\"async\" itemprop=\"image\" src=\"http:\/\/passolutions.es\/wp-content\/uploads\/2020\/12\/sonicwall.png\" alt=\"carousel image\" \/><\/span><\/a><\/div><\/li><li class='item'><div class=\"carousel_item_holder\"><a itemprop='url' href='http:\/\/passolutions.es\/?page_id=274' target='_blank'><span class='first_image_holder has_hover_image'><img decoding=\"async\" itemprop=\"image\" src=\"http:\/\/passolutions.es\/wp-content\/uploads\/2020\/12\/apple.png\" alt=\"carousel image\" \/><\/span><span class='second_image_holder has_hover_image'><img decoding=\"async\" itemprop=\"image\" src=\"http:\/\/passolutions.es\/wp-content\/uploads\/2020\/12\/apple.png\" alt=\"carousel image\" \/><\/span><\/a><\/div><\/li><li class='item'><div class=\"carousel_item_holder\"><a itemprop='url' href='http:\/\/passolutions.es\/?page_id=274' target='_blank'><span class='first_image_holder has_hover_image'><img decoding=\"async\" itemprop=\"image\" src=\"http:\/\/passolutions.es\/wp-content\/uploads\/2020\/12\/dell.png\" alt=\"carousel image\" \/><\/span><span class='second_image_holder has_hover_image'><img decoding=\"async\" itemprop=\"image\" src=\"http:\/\/passolutions.es\/wp-content\/uploads\/2020\/12\/dell.png\" alt=\"carousel image\" \/><\/span><\/a><\/div><\/li><li class='item'><div class=\"carousel_item_holder\"><a itemprop='url' href='http:\/\/passolutions.es\/?page_id=274' target='_blank'><span class='first_image_holder has_hover_image'><img decoding=\"async\" itemprop=\"image\" src=\"http:\/\/passolutions.es\/wp-content\/uploads\/2020\/12\/hp.png\" alt=\"carousel image\" \/><\/span><span class='second_image_holder has_hover_image'><img decoding=\"async\" itemprop=\"image\" src=\"http:\/\/passolutions.es\/wp-content\/uploads\/2020\/12\/hp.png\" alt=\"carousel image\" \/><\/span><\/a><\/div><\/li><li class='item'><div class=\"carousel_item_holder\"><a itemprop='url' href='http:\/\/passolutions.es\/?page_id=274' target='_blank'><span class='first_image_holder '><img decoding=\"async\" itemprop=\"image\" src=\"http:\/\/passolutions.es\/wp-content\/uploads\/2020\/12\/samsung.png\" alt=\"carousel image\" \/><\/span><\/a><\/div><\/li><li class='item'><div class=\"carousel_item_holder\"><a itemprop='url' href='http:\/\/passolutions.es\/?page_id=274' target='_blank'><span class='first_image_holder has_hover_image'><img decoding=\"async\" itemprop=\"image\" src=\"http:\/\/passolutions.es\/wp-content\/uploads\/2020\/12\/tsplus.png\" alt=\"carousel image\" \/><\/span><span class='second_image_holder has_hover_image'><img decoding=\"async\" itemprop=\"image\" src=\"http:\/\/passolutions.es\/wp-content\/uploads\/2020\/12\/tsplus.png\" alt=\"carousel image\" \/><\/span><\/a><\/div><\/li><\/ul><\/div><\/div>[\/vc_column][\/vc_row]<\/p>\n<\/div>","protected":false},"excerpt":{"rendered":"<p>[vc_row css_animation=&#8221;&#8221; row_type=&#8221;row&#8221; use_row_as_full_screen_section=&#8221;no&#8221; type=&#8221;grid&#8221; angled_section=&#8221;no&#8221; text_align=&#8221;center&#8221; background_image_as_pattern=&#8221;without_pattern&#8221; padding_top=&#8221;75&#8243; padding_bottom=&#8221;105&#8243; z_index=&#8221;&#8221;][vc_column offset=&#8221;vc_col-lg-offset-0 vc_col-lg-6 vc_col-md-offset-0 vc_col-sm-offset-0&#8243;][vc_column_text] expertos en Intranets, CRM y Newsletter [\/vc_column_text][vc_separator type=&#8221;small&#8221; position=&#8221;center&#8221;][vc_column_text] A PasSolutions disponemos del software que su empresa necesita. [\/vc_column_text][vc_separator type=&#8221;transparent&#8221; up=&#8221;30&#8243; down=&#8221;0&#8243;][vc_column_text]Disponemos de software propio de intranets, CRM y Newsletter,&#8230;<\/p>\n","protected":false},"author":1,"featured_media":0,"parent":1274,"menu_order":0,"comment_status":"closed","ping_status":"closed","template":"full_width.php","meta":{"footnotes":""},"class_list":["post-1188","page","type-page","status-publish","hentry"],"yoast_head":"<!-- This site is optimized with the Yoast SEO plugin v27.3 - https:\/\/yoast.com\/product\/yoast-seo-wordpress\/ -->\n<title>Intranets, CRM y Newsletter - PasSolutions<\/title>\n<meta name=\"robots\" content=\"index, follow, max-snippet:-1, max-image-preview:large, max-video-preview:-1\" \/>\n<link rel=\"canonical\" href=\"https:\/\/passolutions.es\/index.php\/servicios\/intranets-crm-y-newsletter\/\" \/>\n<meta property=\"og:locale\" content=\"ca_ES\" \/>\n<meta property=\"og:type\" content=\"article\" \/>\n<meta property=\"og:title\" content=\"Intranets, CRM y Newsletter - PasSolutions\" \/>\n<meta property=\"og:description\" content=\"[vc_row css_animation=&#8221;&#8221; row_type=&#8221;row&#8221; use_row_as_full_screen_section=&#8221;no&#8221; type=&#8221;grid&#8221; angled_section=&#8221;no&#8221; text_align=&#8221;center&#8221; background_image_as_pattern=&#8221;without_pattern&#8221; padding_top=&#8221;75&#8243; padding_bottom=&#8221;105&#8243; z_index=&#8221;&#8221;][vc_column offset=&#8221;vc_col-lg-offset-0 vc_col-lg-6 vc_col-md-offset-0 vc_col-sm-offset-0&#8243;][vc_column_text] expertos en Intranets, CRM y Newsletter [\/vc_column_text][vc_separator type=&#8221;small&#8221; position=&#8221;center&#8221;][vc_column_text] A PasSolutions disponemos del software que su empresa necesita. [\/vc_column_text][vc_separator type=&#8221;transparent&#8221; up=&#8221;30&#8243; down=&#8221;0&#8243;][vc_column_text]Disponemos de software propio de intranets, CRM y Newsletter,...\" \/>\n<meta property=\"og:url\" content=\"https:\/\/passolutions.es\/index.php\/servicios\/intranets-crm-y-newsletter\/?lang=es\" \/>\n<meta property=\"og:site_name\" content=\"PasSolutions\" \/>\n<meta property=\"article:modified_time\" content=\"2021-03-10T09:40:37+00:00\" \/>\n<meta name=\"twitter:card\" content=\"summary_large_image\" \/>\n<meta name=\"twitter:label1\" content=\"Temps estimat de lectura\" \/>\n\t<meta name=\"twitter:data1\" content=\"2 minuts\" \/>\n<script type=\"application\/ld+json\" class=\"yoast-schema-graph\">{\"@context\":\"https:\\\/\\\/schema.org\",\"@graph\":[{\"@type\":\"WebPage\",\"@id\":\"https:\\\/\\\/passolutions.es\\\/index.php\\\/servicios\\\/intranets-crm-y-newsletter\\\/?lang=es\",\"url\":\"https:\\\/\\\/passolutions.es\\\/index.php\\\/servicios\\\/intranets-crm-y-newsletter\\\/?lang=es\",\"name\":\"Intranets, CRM y Newsletter - PasSolutions\",\"isPartOf\":{\"@id\":\"https:\\\/\\\/passolutions.es\\\/#website\"},\"datePublished\":\"2021-03-10T08:40:44+00:00\",\"dateModified\":\"2021-03-10T09:40:37+00:00\",\"breadcrumb\":{\"@id\":\"https:\\\/\\\/passolutions.es\\\/index.php\\\/servicios\\\/intranets-crm-y-newsletter\\\/?lang=es#breadcrumb\"},\"inLanguage\":\"ca\",\"potentialAction\":[{\"@type\":\"ReadAction\",\"target\":[\"https:\\\/\\\/passolutions.es\\\/index.php\\\/servicios\\\/intranets-crm-y-newsletter\\\/?lang=es\"]}]},{\"@type\":\"BreadcrumbList\",\"@id\":\"https:\\\/\\\/passolutions.es\\\/index.php\\\/servicios\\\/intranets-crm-y-newsletter\\\/?lang=es#breadcrumb\",\"itemListElement\":[{\"@type\":\"ListItem\",\"position\":1,\"name\":\"Inici\",\"item\":\"https:\\\/\\\/passolutions.es\\\/\"},{\"@type\":\"ListItem\",\"position\":2,\"name\":\"Servicios\",\"item\":\"https:\\\/\\\/passolutions.es\\\/index.php\\\/serveis\\\/\"},{\"@type\":\"ListItem\",\"position\":3,\"name\":\"Intranets, CRM y Newsletter\"}]},{\"@type\":\"WebSite\",\"@id\":\"https:\\\/\\\/passolutions.es\\\/#website\",\"url\":\"https:\\\/\\\/passolutions.es\\\/\",\"name\":\"PasSolutions\",\"description\":\"El teu aliat tecnol\u00f2gic des de 1994\",\"publisher\":{\"@id\":\"https:\\\/\\\/passolutions.es\\\/#organization\"},\"potentialAction\":[{\"@type\":\"SearchAction\",\"target\":{\"@type\":\"EntryPoint\",\"urlTemplate\":\"https:\\\/\\\/passolutions.es\\\/?s={search_term_string}\"},\"query-input\":{\"@type\":\"PropertyValueSpecification\",\"valueRequired\":true,\"valueName\":\"search_term_string\"}}],\"inLanguage\":\"ca\"},{\"@type\":\"Organization\",\"@id\":\"https:\\\/\\\/passolutions.es\\\/#organization\",\"name\":\"PasSolutions\",\"url\":\"https:\\\/\\\/passolutions.es\\\/\",\"logo\":{\"@type\":\"ImageObject\",\"inLanguage\":\"ca\",\"@id\":\"https:\\\/\\\/passolutions.es\\\/#\\\/schema\\\/logo\\\/image\\\/\",\"url\":\"http:\\\/\\\/passolutions.es\\\/wp-content\\\/uploads\\\/2020\\\/12\\\/logo-1.png\",\"contentUrl\":\"http:\\\/\\\/passolutions.es\\\/wp-content\\\/uploads\\\/2020\\\/12\\\/logo-1.png\",\"width\":340,\"height\":79,\"caption\":\"PasSolutions\"},\"image\":{\"@id\":\"https:\\\/\\\/passolutions.es\\\/#\\\/schema\\\/logo\\\/image\\\/\"}}]}<\/script>\n<!-- \/ Yoast SEO plugin. -->","yoast_head_json":{"title":"Intranets, CRM y Newsletter - PasSolutions","robots":{"index":"index","follow":"follow","max-snippet":"max-snippet:-1","max-image-preview":"max-image-preview:large","max-video-preview":"max-video-preview:-1"},"canonical":"https:\/\/passolutions.es\/index.php\/servicios\/intranets-crm-y-newsletter\/","og_locale":"ca_ES","og_type":"article","og_title":"Intranets, CRM y Newsletter - PasSolutions","og_description":"[vc_row css_animation=&#8221;&#8221; row_type=&#8221;row&#8221; use_row_as_full_screen_section=&#8221;no&#8221; type=&#8221;grid&#8221; angled_section=&#8221;no&#8221; text_align=&#8221;center&#8221; background_image_as_pattern=&#8221;without_pattern&#8221; padding_top=&#8221;75&#8243; padding_bottom=&#8221;105&#8243; z_index=&#8221;&#8221;][vc_column offset=&#8221;vc_col-lg-offset-0 vc_col-lg-6 vc_col-md-offset-0 vc_col-sm-offset-0&#8243;][vc_column_text] expertos en Intranets, CRM y Newsletter [\/vc_column_text][vc_separator type=&#8221;small&#8221; position=&#8221;center&#8221;][vc_column_text] A PasSolutions disponemos del software que su empresa necesita. [\/vc_column_text][vc_separator type=&#8221;transparent&#8221; up=&#8221;30&#8243; down=&#8221;0&#8243;][vc_column_text]Disponemos de software propio de intranets, CRM y Newsletter,...","og_url":"https:\/\/passolutions.es\/index.php\/servicios\/intranets-crm-y-newsletter\/?lang=es","og_site_name":"PasSolutions","article_modified_time":"2021-03-10T09:40:37+00:00","twitter_card":"summary_large_image","twitter_misc":{"Temps estimat de lectura":"2 minuts"},"schema":{"@context":"https:\/\/schema.org","@graph":[{"@type":"WebPage","@id":"https:\/\/passolutions.es\/index.php\/servicios\/intranets-crm-y-newsletter\/?lang=es","url":"https:\/\/passolutions.es\/index.php\/servicios\/intranets-crm-y-newsletter\/?lang=es","name":"Intranets, CRM y Newsletter - PasSolutions","isPartOf":{"@id":"https:\/\/passolutions.es\/#website"},"datePublished":"2021-03-10T08:40:44+00:00","dateModified":"2021-03-10T09:40:37+00:00","breadcrumb":{"@id":"https:\/\/passolutions.es\/index.php\/servicios\/intranets-crm-y-newsletter\/?lang=es#breadcrumb"},"inLanguage":"ca","potentialAction":[{"@type":"ReadAction","target":["https:\/\/passolutions.es\/index.php\/servicios\/intranets-crm-y-newsletter\/?lang=es"]}]},{"@type":"BreadcrumbList","@id":"https:\/\/passolutions.es\/index.php\/servicios\/intranets-crm-y-newsletter\/?lang=es#breadcrumb","itemListElement":[{"@type":"ListItem","position":1,"name":"Inici","item":"https:\/\/passolutions.es\/"},{"@type":"ListItem","position":2,"name":"Servicios","item":"https:\/\/passolutions.es\/index.php\/serveis\/"},{"@type":"ListItem","position":3,"name":"Intranets, CRM y Newsletter"}]},{"@type":"WebSite","@id":"https:\/\/passolutions.es\/#website","url":"https:\/\/passolutions.es\/","name":"PasSolutions","description":"El teu aliat tecnol\u00f2gic des de 1994","publisher":{"@id":"https:\/\/passolutions.es\/#organization"},"potentialAction":[{"@type":"SearchAction","target":{"@type":"EntryPoint","urlTemplate":"https:\/\/passolutions.es\/?s={search_term_string}"},"query-input":{"@type":"PropertyValueSpecification","valueRequired":true,"valueName":"search_term_string"}}],"inLanguage":"ca"},{"@type":"Organization","@id":"https:\/\/passolutions.es\/#organization","name":"PasSolutions","url":"https:\/\/passolutions.es\/","logo":{"@type":"ImageObject","inLanguage":"ca","@id":"https:\/\/passolutions.es\/#\/schema\/logo\/image\/","url":"http:\/\/passolutions.es\/wp-content\/uploads\/2020\/12\/logo-1.png","contentUrl":"http:\/\/passolutions.es\/wp-content\/uploads\/2020\/12\/logo-1.png","width":340,"height":79,"caption":"PasSolutions"},"image":{"@id":"https:\/\/passolutions.es\/#\/schema\/logo\/image\/"}}]}},"_links":{"self":[{"href":"https:\/\/passolutions.es\/index.php\/wp-json\/wp\/v2\/pages\/1188","targetHints":{"allow":["GET"]}}],"collection":[{"href":"https:\/\/passolutions.es\/index.php\/wp-json\/wp\/v2\/pages"}],"about":[{"href":"https:\/\/passolutions.es\/index.php\/wp-json\/wp\/v2\/types\/page"}],"author":[{"embeddable":true,"href":"https:\/\/passolutions.es\/index.php\/wp-json\/wp\/v2\/users\/1"}],"replies":[{"embeddable":true,"href":"https:\/\/passolutions.es\/index.php\/wp-json\/wp\/v2\/comments?post=1188"}],"version-history":[{"count":3,"href":"https:\/\/passolutions.es\/index.php\/wp-json\/wp\/v2\/pages\/1188\/revisions"}],"predecessor-version":[{"id":1300,"href":"https:\/\/passolutions.es\/index.php\/wp-json\/wp\/v2\/pages\/1188\/revisions\/1300"}],"up":[{"embeddable":true,"href":"https:\/\/passolutions.es\/index.php\/wp-json\/wp\/v2\/pages\/1274"}],"wp:attachment":[{"href":"https:\/\/passolutions.es\/index.php\/wp-json\/wp\/v2\/media?parent=1188"}],"curies":[{"name":"wp","href":"https:\/\/api.w.org\/{rel}","templated":true}]}}