{"id":1202,"date":"2021-03-10T08:46:23","date_gmt":"2021-03-10T08:46:23","guid":{"rendered":"http:\/\/passolutions.es\/?page_id=1202"},"modified":"2021-03-10T08:46:23","modified_gmt":"2021-03-10T08:46:23","slug":"aviso-legal","status":"publish","type":"page","link":"https:\/\/passolutions.es\/index.php\/aviso-legal\/?lang=es","title":{"rendered":"Aviso legal"},"content":{"rendered":"<div class=\"wpb-content-wrapper\"><p>[vc_row css_animation=&#8221;&#8221; row_type=&#8221;row&#8221; use_row_as_full_screen_section=&#8221;no&#8221; type=&#8221;grid&#8221; angled_section=&#8221;no&#8221; text_align=&#8221;left&#8221; background_image_as_pattern=&#8221;without_pattern&#8221; z_index=&#8221;&#8221;][vc_column el_class=&#8221;legal&#8221;][vc_column_text]<\/p>\n<div class=\"main col-lg-9 col-md-8\" role=\"main\">\n<div class=\"entry-content\">\n<p>De acuerdo con la exigencia del art\u00edculo 10 de la Ley 34\/2002, de 11 de julio, de Servicios de la Sociedad de la Informaci\u00f3n y de Comercio Electr\u00f3nico (LSSI-CE), PASSOLUTIONS SL informa de los siguientes datos:<\/p>\n<h3>TITULAR WEB<\/h3>\n<p>El titular de este sitio web es PASSOLUTIONS SL, con CIF B60749090, denominaci\u00f3n comercial PASSOLUTIONS y domicilio social en C\/ NOU 8, 08301 MATAR\u00d3 (BARCELONA). La direcci\u00f3n de correo electr\u00f3nico de contacto con la empresa es pass@passolutions.es.<br \/>\nLa presente informaci\u00f3n regula las condiciones de uso, las limitaciones de responsabilidad y las obligaciones que los usuarios de la p\u00e1gina Web que se publica bajo el nombre del dominio www.passolutions.es las cuales los usuarios asumen y se comprometen a respetar.<\/p>\n<h3><strong>OBJETO<\/strong><\/h3>\n<p>A trav\u00e9s de este sitio Web, PASSOLUTIONS SL ofrece servicios de consultor\u00eda inform\u00e1tica buscando satisfacer las necesidades de nuestros usuarios, facilit\u00e1ndoles el acceso a la utilizaci\u00f3n de nuestros servicios y gui\u00e1ndoles en los pasos que debe seguir en la navegaci\u00f3n del mismo.<\/p>\n<h3><strong>POL\u00cdTICA DE ENLACES<\/strong><\/h3>\n<p>En caso de que se introduzca por un usuario de Internet un enlace desde su propio Sitio Web al Sitio Web de PASSOLUTIONS SL, el enlace \u00fanicamente vincular\u00e1 con la p\u00e1gina principal de \u00e9ste \u00faltimo, pero no podr\u00e1 reproducirla de ninguna forma, y, en caso de que se visualicen los contenidos del Sitio Web con contenidos ajenos al mismo, estos contenidos ajenos no podr\u00e1n inducir a error, confusi\u00f3n o enga\u00f1o en los Usuarios sobre la procedencia de sus contenidos, ni suponer un acto de comparaci\u00f3n o imitaci\u00f3n desleal o un aprovechamiento de la reputaci\u00f3n de PASSOLUTIONS SL.<br \/>\nNo se realizar\u00e1 desde la p\u00e1gina que introduce el enlace ning\u00fan tipo de manifestaci\u00f3n falsa o inexacta sobre PASSOLUTIONS SL, Empresas Asociadas, colaboradores o empleados, ni se indicar\u00e1 en dicha p\u00e1gina que tienen el consentimiento de PASSOLUTIONS SL para la inserci\u00f3n del enlace, o que PASSOLUTIONS SL tiene alguna relaci\u00f3n o colaboraci\u00f3n con dicha p\u00e1gina.<br \/>\nSalvo en los casos permitidos por la ley o expresamente autorizados por PASSOLUTIONS SL, siempre que se permita un enlace directo con su Sitio Web, queda prohibida la utilizaci\u00f3n de cualquier marca o cualquier otro signo distintivo de PASSOLUTIONS SL dentro de la p\u00e1gina donde se encuentre el enlace, salvo que se autorice expresamente.<br \/>\nLa p\u00e1gina que establezca el enlace deber\u00e1 cumplir con la ley y no disponer o enlazar con contenidos il\u00edcitos o contrarios a la moral y a las buenas costumbres.<br \/>\nPor su parte, el propio Sitio Web incluye dispositivos t\u00e9cnicos de enlace que permiten al Usuario acceder a otras p\u00e1ginas y portales de Internet, actuando PASSOLUTIONS SL como prestador de servicios de intermediaci\u00f3n de conformidad con el art\u00edculo 17 de la Ley 34\/2002, de 11 de julio, de Servicios de la Sociedad de la Informaci\u00f3n y de Comercio Electr\u00f3nico, por lo que s\u00f3lo ser\u00e1 responsable de los contenidos y servicios suministrados en los sitios enlazados en caso que habiendo tenido conocimiento efectivo, en la forma prevista por la Ley de Servicios de la Sociedad de la Informaci\u00f3n, de la ilicitud no haya desactivado el enlace.<br \/>\nLa existencia de sitios enlazados no supone que existan acuerdos con los responsables o titulares de los mismos, y PASSOLUTIONS SL no se hace responsable por los da\u00f1os producidos por la ilicitud, calidad, desactualizaci\u00f3n, indisponibilidad, error e inutilidad de los contenidos de dichos sitios, puesto que los desconoce. En cualquier caso, si el Usuario tuviera conocimiento de que los sitios enlazados remiten a p\u00e1ginas cuyos contenidos o servicios son il\u00edcitos o contrarios a la moral deber\u00e1 ponerlo en conocimiento de PASSOLUTIONS SL.<br \/>\nA estos efectos se habilita la direcci\u00f3n de correo electr\u00f3nico pass@passolutions.es, de esta forma, los usuarios deber\u00e1n comunicar: nombre, direcci\u00f3n, n\u00famero de tel\u00e9fono y direcci\u00f3n de correo electr\u00f3nico; especificaci\u00f3n de la supuesta actividad il\u00edcita llevada a cabo en el Portal; hechos o circunstancias que revelan el car\u00e1cter il\u00edcito de dicha actividad.<\/p>\n<h3><strong>CONDICIONES DE USO<\/strong><\/h3>\n<p>La utilizaci\u00f3n de la p\u00e1gina otorga la utilizaci\u00f3n de usuario e implica la aceptaci\u00f3n de las condiciones del aviso legal, pol\u00edtica de privacidad y condiciones de uso, si el usuario no estuviera conforme, se abstendr\u00e1 de utilizar la p\u00e1gina. El usuario est\u00e1 obligado y se compromete a utilizar la p\u00e1gina y los contenidos de conformidad con la legislaci\u00f3n vigente, el Aviso Legal, y cualquier otro aviso contenido en esta p\u00e1gina, as\u00ed como con las normas de convivencia, la moral y buenas costumbres generalmente aceptadas.<br \/>\nEl Usuario se obliga y se compromete a no transmitir, difundir o poner a disposici\u00f3n de terceros cualquier contenido de la P\u00e1gina, tales como informaciones, textos, datos, contenidos, mensajes, gr\u00e1ficos, dibujos, archivos de sonido y\/o imagen, fotograf\u00edas, grabaciones, software, logotipos, marcas, iconos, tecnolog\u00eda, fotograf\u00edas, software, enlaces, dise\u00f1o gr\u00e1fico y c\u00f3digos fuente, o cualquier otro material al que tuviera acceso en su condici\u00f3n de Usuario de la P\u00e1gina, sin que esta enumeraci\u00f3n tenga car\u00e1cter limitativo.<\/p>\n<h3><strong>PROPIEDAD INTELECTUAL E INDUSTRIAL<\/strong><\/h3>\n<p>Todas las marcas, nombres comerciales o signos distintivos de cualquier clase que aparecen en la p\u00e1gina son propiedad de PASSOLUTIONS SL o, en su caso, de terceros que han autorizado su uso, sin que pueda entenderse que el uso o acceso al portal y\/o a los contenidos atribuya al usuario derecho alguno sobre las citadas marcas, nombres comerciales y\/o signos distintivos, y sin que puedan entenderse cedidos al usuario, ninguno de los derechos de explotaci\u00f3n que existen o puedan existir sobre dichos contenidos. Y no entiende cedidos ni se autoriza su utilizaci\u00f3n, en ning\u00fan caso, a los usuarios de la p\u00e1gina salvo que se obtengan dichos derechos por escrito del leg\u00edtimo titular de los mismos.<\/p>\n<h3><strong>EXENCI\u00d3N DE RESPONSABILIDADES<\/strong><\/h3>\n<p>PASSOLUTIONS SL incluye en su Sitio Web una serie de contenidos sobre sus actividades, productos, estructura, gesti\u00f3n y equipos propios de una Web corporativa.<\/p>\n<p>PASSOLUTIONS SL excluye cualquier responsabilidad por los da\u00f1os y perjuicios de toda naturaleza que pudieran derivarse del acceso a los contenidos, informaciones, publicidad, opciones, conceptos e im\u00e1genes facilitados a los usuarios.<br \/>\nEn cualquier caso, PASSOLUTIONS SL no se hace responsable de:<br \/>\n\u2022 El mal que el usuario pueda realizar del Sitio Web.<br \/>\n\u2022 La continuidad de los contenidos de la Sitio Web.<br \/>\n\u2022 La ausencia de virus y\/o dem\u00e1s componentes da\u00f1inos en el Sitio Web o en el servidor que los suministra, tanto en lo relativo a la visualizaci\u00f3n de los contenidos por los usuarios como en la descarga de los mismos.<br \/>\n\u2022 Los contenidos y servicios prestados por otros Sitios Web a las que pueda tener acceso desde las direcciones de Internet titularidad de PASSOLUTIONS SL.<br \/>\n\u2022 El mayor o menor rendimiento de los contenidos albergados en el Sitio Web.<br \/>\n\u2022 Los da\u00f1os o perjuicios que causare cualquier persona, bien a si misma o a terceras, que infringiera las condiciones, normas e instrucciones que PASSOLUTIONS SL establece en este Sitio Web.<br \/>\n\u2022 Los da\u00f1os ocasionados por la vulneraci\u00f3n de los sistemas de seguridad del Sitio Web titularidad de PASSOLUTIONS SL.<br \/>\n\u2022 El mal funcionamiento de software o plug-ins (descarga que pudiere realizarse desde el link establecido al efecto), que pudiera ser necesario para la visualizaci\u00f3n o escucha de determinados contenidos albergados en el presente Sitio Web.<br \/>\n\u2022 Cualquier acci\u00f3n o actuaci\u00f3n que pudiere realizar en relaci\u00f3n con la vulneraci\u00f3n de derechos de terceros, especialmente, con relaci\u00f3n a la imagen, propiedad intelectual o industrial.<br \/>\n\u2022 De la edici\u00f3n, revisi\u00f3n, censura y verificaci\u00f3n de los contenidos de las p\u00e1ginas o Sitios de Internet con los que el usuario se conecte a trav\u00e9s del motor de b\u00fasqueda o de hiperv\u00ednculos incluidos en el Sitio Web de PASSOLUTIONS SL.<\/p>\n<h3><strong>Exenci\u00f3n de responsabilidad por el funcionamiento de la P\u00e1gina Web<\/strong><\/h3>\n<p>PASSOLUTIONS SL presta sus servicios y contenidos de forma continuada empleando todos los medios t\u00e9cnicos a su alcance para realizar dicha prestaci\u00f3n de forma satisfactoria.<br \/>\nPASSOLUTIONS SL podr\u00e1, cuando lo considere conveniente, realizar correcciones, mejoras o modificaciones en la informaci\u00f3n contenida en su Sitio Web, sin que ello de lugar, ni derecho a ninguna reclamaci\u00f3n o indemnizaci\u00f3n, ni implique reconocimiento de responsabilidad alguna.<br \/>\nPASSOLUTIONS SL no se hacer responsable por los da\u00f1os y perjuicios de toda naturaleza que pudieran derivarse de la disponibilidad y continuidad t\u00e9cnica del funcionamiento de su Sitio Web. En cualquier caso, PASSOLUTIONS SL, llevar\u00e1 a cabo todas las actuaciones necesarias para restablecer sus servicios en caso de fallo t\u00e9cnico.<\/p>\n<h3><strong>LEGISLACI\u00d3N Y JURISDICCI\u00d3N<\/strong><\/h3>\n<p>PASSOLUTIONS SL se reserva la facultad de presentar las acciones civiles o penales que considere oportunas por la utilizaci\u00f3n indebida de su sitio web y contenidos, o por el incumplimiento de las presentes condiciones.<br \/>\nEn caso de existir discrepancia entre lo establecido en el presente Aviso Legal y las Condiciones Particulares de cada servicio espec\u00edfico, prevalecer\u00e1 lo dispuesto en \u00e9stas \u00faltimas.<br \/>\nEn el caso de que cualquier disposici\u00f3n o disposiciones contenidas en el presente Aviso Legal fueran consideradas nulas o inaplicables, en su totalidad o en parte, por cualquier Juzgado, Tribunal u \u00f3rgano administrativo competente, dicha nulidad o inaplicaci\u00f3n no afectar\u00e1 al resto de disposiciones del presente Aviso Legal ni a las Condiciones Particulares de los diferentes servicios del presente Sitio Web.<br \/>\nEl no ejercicio o ejecuci\u00f3n, por parte de PASSOLUTIONS SL de cualquier derecho o disposici\u00f3n contenido en estas Condiciones Generales no constituir\u00e1 una renuncia al mismo, salvo reconocimiento y acuerdo escrito por su parte.<br \/>\nLa relaci\u00f3n entre el usuario y el prestador se regir\u00e1 por la normativa vigente y de aplicaci\u00f3n en el territorio espa\u00f1ol. De surgir cualquier controversia las partes podr\u00e1n someter sus conflictos a arbitraje o acudir a la jurisdicci\u00f3n ordinaria cumpliendo con las normas sobre jurisdicci\u00f3n y competencia al respecto. PASSOLUTIONS SL tiene su domicilio en Matar\u00f3, E<\/p>\n<\/div>\n<\/div>\n<p>[\/vc_column_text][\/vc_column][\/vc_row]<\/p>\n<\/div>","protected":false},"excerpt":{"rendered":"<p>[vc_row css_animation=&#8221;&#8221; row_type=&#8221;row&#8221; use_row_as_full_screen_section=&#8221;no&#8221; type=&#8221;grid&#8221; angled_section=&#8221;no&#8221; text_align=&#8221;left&#8221; background_image_as_pattern=&#8221;without_pattern&#8221; z_index=&#8221;&#8221;][vc_column el_class=&#8221;legal&#8221;][vc_column_text] De acuerdo con la exigencia del art\u00edculo 10 de la Ley 34\/2002, de 11 de julio, de Servicios de la Sociedad de la Informaci\u00f3n y de Comercio Electr\u00f3nico (LSSI-CE), PASSOLUTIONS SL informa de los siguientes&#8230;<\/p>\n","protected":false},"author":1,"featured_media":0,"parent":0,"menu_order":0,"comment_status":"closed","ping_status":"open","template":"","meta":{"footnotes":""},"class_list":["post-1202","page","type-page","status-publish","hentry"],"yoast_head":"<!-- This site is optimized with the Yoast SEO plugin v27.3 - https:\/\/yoast.com\/product\/yoast-seo-wordpress\/ -->\n<title>Aviso legal - PasSolutions<\/title>\n<meta name=\"robots\" content=\"index, follow, max-snippet:-1, max-image-preview:large, max-video-preview:-1\" \/>\n<link rel=\"canonical\" href=\"https:\/\/passolutions.es\/index.php\/aviso-legal\/\" \/>\n<meta property=\"og:locale\" content=\"ca_ES\" \/>\n<meta property=\"og:type\" content=\"article\" \/>\n<meta property=\"og:title\" content=\"Aviso legal - PasSolutions\" \/>\n<meta property=\"og:description\" content=\"[vc_row css_animation=&#8221;&#8221; row_type=&#8221;row&#8221; use_row_as_full_screen_section=&#8221;no&#8221; type=&#8221;grid&#8221; angled_section=&#8221;no&#8221; text_align=&#8221;left&#8221; background_image_as_pattern=&#8221;without_pattern&#8221; z_index=&#8221;&#8221;][vc_column el_class=&#8221;legal&#8221;][vc_column_text] De acuerdo con la exigencia del art\u00edculo 10 de la Ley 34\/2002, de 11 de julio, de Servicios de la Sociedad de la Informaci\u00f3n y de Comercio Electr\u00f3nico (LSSI-CE), PASSOLUTIONS SL informa de los siguientes...\" \/>\n<meta property=\"og:url\" content=\"https:\/\/passolutions.es\/index.php\/aviso-legal\/?lang=es\" \/>\n<meta property=\"og:site_name\" content=\"PasSolutions\" \/>\n<meta name=\"twitter:card\" content=\"summary_large_image\" \/>\n<meta name=\"twitter:label1\" content=\"Temps estimat de lectura\" \/>\n\t<meta name=\"twitter:data1\" content=\"9 minuts\" \/>\n<script type=\"application\/ld+json\" class=\"yoast-schema-graph\">{\"@context\":\"https:\\\/\\\/schema.org\",\"@graph\":[{\"@type\":\"WebPage\",\"@id\":\"https:\\\/\\\/passolutions.es\\\/index.php\\\/aviso-legal\\\/?lang=es\",\"url\":\"https:\\\/\\\/passolutions.es\\\/index.php\\\/aviso-legal\\\/?lang=es\",\"name\":\"Aviso legal - PasSolutions\",\"isPartOf\":{\"@id\":\"https:\\\/\\\/passolutions.es\\\/#website\"},\"datePublished\":\"2021-03-10T08:46:23+00:00\",\"breadcrumb\":{\"@id\":\"https:\\\/\\\/passolutions.es\\\/index.php\\\/aviso-legal\\\/?lang=es#breadcrumb\"},\"inLanguage\":\"ca\",\"potentialAction\":[{\"@type\":\"ReadAction\",\"target\":[\"https:\\\/\\\/passolutions.es\\\/index.php\\\/aviso-legal\\\/?lang=es\"]}]},{\"@type\":\"BreadcrumbList\",\"@id\":\"https:\\\/\\\/passolutions.es\\\/index.php\\\/aviso-legal\\\/?lang=es#breadcrumb\",\"itemListElement\":[{\"@type\":\"ListItem\",\"position\":1,\"name\":\"Inici\",\"item\":\"https:\\\/\\\/passolutions.es\\\/\"},{\"@type\":\"ListItem\",\"position\":2,\"name\":\"Aviso legal\"}]},{\"@type\":\"WebSite\",\"@id\":\"https:\\\/\\\/passolutions.es\\\/#website\",\"url\":\"https:\\\/\\\/passolutions.es\\\/\",\"name\":\"PasSolutions\",\"description\":\"El teu aliat tecnol\u00f2gic des de 1994\",\"publisher\":{\"@id\":\"https:\\\/\\\/passolutions.es\\\/#organization\"},\"potentialAction\":[{\"@type\":\"SearchAction\",\"target\":{\"@type\":\"EntryPoint\",\"urlTemplate\":\"https:\\\/\\\/passolutions.es\\\/?s={search_term_string}\"},\"query-input\":{\"@type\":\"PropertyValueSpecification\",\"valueRequired\":true,\"valueName\":\"search_term_string\"}}],\"inLanguage\":\"ca\"},{\"@type\":\"Organization\",\"@id\":\"https:\\\/\\\/passolutions.es\\\/#organization\",\"name\":\"PasSolutions\",\"url\":\"https:\\\/\\\/passolutions.es\\\/\",\"logo\":{\"@type\":\"ImageObject\",\"inLanguage\":\"ca\",\"@id\":\"https:\\\/\\\/passolutions.es\\\/#\\\/schema\\\/logo\\\/image\\\/\",\"url\":\"http:\\\/\\\/passolutions.es\\\/wp-content\\\/uploads\\\/2020\\\/12\\\/logo-1.png\",\"contentUrl\":\"http:\\\/\\\/passolutions.es\\\/wp-content\\\/uploads\\\/2020\\\/12\\\/logo-1.png\",\"width\":340,\"height\":79,\"caption\":\"PasSolutions\"},\"image\":{\"@id\":\"https:\\\/\\\/passolutions.es\\\/#\\\/schema\\\/logo\\\/image\\\/\"}}]}<\/script>\n<!-- \/ Yoast SEO plugin. -->","yoast_head_json":{"title":"Aviso legal - PasSolutions","robots":{"index":"index","follow":"follow","max-snippet":"max-snippet:-1","max-image-preview":"max-image-preview:large","max-video-preview":"max-video-preview:-1"},"canonical":"https:\/\/passolutions.es\/index.php\/aviso-legal\/","og_locale":"ca_ES","og_type":"article","og_title":"Aviso legal - PasSolutions","og_description":"[vc_row css_animation=&#8221;&#8221; row_type=&#8221;row&#8221; use_row_as_full_screen_section=&#8221;no&#8221; type=&#8221;grid&#8221; angled_section=&#8221;no&#8221; text_align=&#8221;left&#8221; background_image_as_pattern=&#8221;without_pattern&#8221; z_index=&#8221;&#8221;][vc_column el_class=&#8221;legal&#8221;][vc_column_text] De acuerdo con la exigencia del art\u00edculo 10 de la Ley 34\/2002, de 11 de julio, de Servicios de la Sociedad de la Informaci\u00f3n y de Comercio Electr\u00f3nico (LSSI-CE), PASSOLUTIONS SL informa de los siguientes...","og_url":"https:\/\/passolutions.es\/index.php\/aviso-legal\/?lang=es","og_site_name":"PasSolutions","twitter_card":"summary_large_image","twitter_misc":{"Temps estimat de lectura":"9 minuts"},"schema":{"@context":"https:\/\/schema.org","@graph":[{"@type":"WebPage","@id":"https:\/\/passolutions.es\/index.php\/aviso-legal\/?lang=es","url":"https:\/\/passolutions.es\/index.php\/aviso-legal\/?lang=es","name":"Aviso legal - PasSolutions","isPartOf":{"@id":"https:\/\/passolutions.es\/#website"},"datePublished":"2021-03-10T08:46:23+00:00","breadcrumb":{"@id":"https:\/\/passolutions.es\/index.php\/aviso-legal\/?lang=es#breadcrumb"},"inLanguage":"ca","potentialAction":[{"@type":"ReadAction","target":["https:\/\/passolutions.es\/index.php\/aviso-legal\/?lang=es"]}]},{"@type":"BreadcrumbList","@id":"https:\/\/passolutions.es\/index.php\/aviso-legal\/?lang=es#breadcrumb","itemListElement":[{"@type":"ListItem","position":1,"name":"Inici","item":"https:\/\/passolutions.es\/"},{"@type":"ListItem","position":2,"name":"Aviso legal"}]},{"@type":"WebSite","@id":"https:\/\/passolutions.es\/#website","url":"https:\/\/passolutions.es\/","name":"PasSolutions","description":"El teu aliat tecnol\u00f2gic des de 1994","publisher":{"@id":"https:\/\/passolutions.es\/#organization"},"potentialAction":[{"@type":"SearchAction","target":{"@type":"EntryPoint","urlTemplate":"https:\/\/passolutions.es\/?s={search_term_string}"},"query-input":{"@type":"PropertyValueSpecification","valueRequired":true,"valueName":"search_term_string"}}],"inLanguage":"ca"},{"@type":"Organization","@id":"https:\/\/passolutions.es\/#organization","name":"PasSolutions","url":"https:\/\/passolutions.es\/","logo":{"@type":"ImageObject","inLanguage":"ca","@id":"https:\/\/passolutions.es\/#\/schema\/logo\/image\/","url":"http:\/\/passolutions.es\/wp-content\/uploads\/2020\/12\/logo-1.png","contentUrl":"http:\/\/passolutions.es\/wp-content\/uploads\/2020\/12\/logo-1.png","width":340,"height":79,"caption":"PasSolutions"},"image":{"@id":"https:\/\/passolutions.es\/#\/schema\/logo\/image\/"}}]}},"_links":{"self":[{"href":"https:\/\/passolutions.es\/index.php\/wp-json\/wp\/v2\/pages\/1202","targetHints":{"allow":["GET"]}}],"collection":[{"href":"https:\/\/passolutions.es\/index.php\/wp-json\/wp\/v2\/pages"}],"about":[{"href":"https:\/\/passolutions.es\/index.php\/wp-json\/wp\/v2\/types\/page"}],"author":[{"embeddable":true,"href":"https:\/\/passolutions.es\/index.php\/wp-json\/wp\/v2\/users\/1"}],"replies":[{"embeddable":true,"href":"https:\/\/passolutions.es\/index.php\/wp-json\/wp\/v2\/comments?post=1202"}],"version-history":[{"count":2,"href":"https:\/\/passolutions.es\/index.php\/wp-json\/wp\/v2\/pages\/1202\/revisions"}],"predecessor-version":[{"id":1204,"href":"https:\/\/passolutions.es\/index.php\/wp-json\/wp\/v2\/pages\/1202\/revisions\/1204"}],"wp:attachment":[{"href":"https:\/\/passolutions.es\/index.php\/wp-json\/wp\/v2\/media?parent=1202"}],"curies":[{"name":"wp","href":"https:\/\/api.w.org\/{rel}","templated":true}]}}