{"id":1570,"date":"2024-06-26T09:44:51","date_gmt":"2024-06-26T09:44:51","guid":{"rendered":"http:\/\/passolutions.es\/?page_id=1570"},"modified":"2024-06-27T11:19:00","modified_gmt":"2024-06-27T11:19:00","slug":"kit-digital","status":"publish","type":"page","link":"https:\/\/passolutions.es\/index.php\/kit-digital\/","title":{"rendered":"Kit Digital"},"content":{"rendered":"<div class=\"wpb-content-wrapper\"><p>[vc_row css_animation=&#8221;&#8221; row_type=&#8221;row&#8221; use_row_as_full_screen_section=&#8221;no&#8221; type=&#8221;grid&#8221; angled_section=&#8221;no&#8221; text_align=&#8221;center&#8221; background_image_as_pattern=&#8221;without_pattern&#8221; padding_top=&#8221;75&#8243; padding_bottom=&#8221;105&#8243; z_index=&#8221;&#8221;][vc_column offset=&#8221;vc_col-lg-offset-1 vc_col-lg-5 vc_col-md-offset-0 vc_col-sm-offset-0&#8243;][vc_column_text]<\/p>\n<h2>Programa Kit Digital<\/h2>\n<p>[\/vc_column_text][vc_separator type=&#8221;small&#8221; position=&#8221;center&#8221;][vc_column_text]<\/p>\n<h3>Ara \u00e9s el moment ideal per digitalitzar la teva empresa<\/h3>\n<p>[\/vc_column_text][vc_separator type=&#8221;transparent&#8221; up=&#8221;30&#8243; down=&#8221;0&#8243;][vc_column_text]Per a\u00a0<strong>impulsar la digitalitzaci\u00f3 de les empreses<\/strong>\u00a0que m\u00e9s ho necessiten, el Gobierno ha aprovat un programa d\u2019ajudes financiat per la Uni\u00f3 Europea mitjan\u00e7ant els\u00a0<strong>Fons Europeus Next Generation<\/strong>, de m\u00e9s de\u00a0<strong>3.000 milions d\u2019euros<\/strong>.[\/vc_column_text][vc_separator type=&#8221;transparent&#8221; up=&#8221;30&#8243; down=&#8221;0&#8243;][vc_column_text]<\/p>\n<div class=\"wpb_text_column wpb_content_element \">\n<div class=\"wpb_wrapper\">\n<h3>Qu\u00e8 \u00e9s el bono Kit Digital?<\/h3>\n<\/div>\n<\/div>\n<p>[\/vc_column_text][vc_separator type=&#8221;transparent&#8221; up=&#8221;30&#8243; down=&#8221;0&#8243;][vc_column_text]\u00c9s un ajut de fins a 12.000\u20ac que les empreses poder fer per transformar digitalment els seus serveis com ara p\u00e0gines web, comer\u00e7 electr\u00f2nic i xarxes socials.[\/vc_column_text][vc_separator type=&#8221;transparent&#8221; up=&#8221;40&#8243; down=&#8221;0&#8243;][\/vc_column][vc_column offset=&#8221;vc_col-lg-offset-0 vc_col-lg-5 vc_col-md-offset-0 vc_col-sm-offset-0&#8243;][vc_separator type=&#8221;transparent&#8221; up=&#8221;7&#8243; down=&#8221;0&#8243;][vc_video link=&#8221;https:\/\/www.youtube.com\/embed\/fI_Y5W25hPs&#8221;][\/vc_column][\/vc_row][vc_row css_animation=&#8221;&#8221; row_type=&#8221;row&#8221; use_row_as_full_screen_section=&#8221;no&#8221; type=&#8221;grid&#8221; angled_section=&#8221;no&#8221; text_align=&#8221;left&#8221; background_image_as_pattern=&#8221;without_pattern&#8221; css=&#8221;.vc_custom_1719396693627{padding-top: 50px !important;}&#8221; z_index=&#8221;&#8221;][vc_column][vc_column_text]<\/p>\n<h2 style=\"text-align: center;\">QUE T&#8217;OFERIM<\/h2>\n<p>[\/vc_column_text][vc_separator type=&#8221;transparent&#8221; up=&#8221;30&#8243; down=&#8221;0&#8243;][vc_row_inner row_type=&#8221;row&#8221; type=&#8221;full_width&#8221; text_align=&#8221;left&#8221; css_animation=&#8221;&#8221;][vc_column_inner el_class=&#8221;text-center&#8221; width=&#8221;1\/3&#8243;][vc_single_image image=&#8221;1474&#8243; img_size=&#8221;full&#8221; qode_css_animation=&#8221;&#8221;][vc_separator type=&#8221;transparent&#8221; up=&#8221;20&#8243; down=&#8221;0&#8243;][vc_column_text]<\/p>\n<h3 style=\"text-align: center;\"><strong>Lloc segur<\/strong><\/h3>\n<p>[\/vc_column_text][vc_separator type=&#8221;transparent&#8221; up=&#8221;20&#8243; down=&#8221;0&#8243;][vc_column_text]<\/p>\n<div class=\"wpb_text_column wpb_content_element destacado\">\n<div class=\"wpb_wrapper\">\n<p>Augmenta la teva pres\u00e8ncia a Internet, potencia la teva marca per tal de atraure als teus potencials clients.<\/p>\n<\/div>\n<\/div>\n<p>[\/vc_column_text][vc_separator type=&#8221;transparent&#8221; up=&#8221;20&#8243; down=&#8221;0&#8243;]<a  itemprop=\"url\" href=\"https:\/\/passolutions.es\/index.php\/pass-lloc-segur-advance\/\" target=\"_self\"  class=\"qbutton  large center default btn-center\" style=\"\">Saber m\u00e9s<\/a>[vc_separator type=&#8221;transparent&#8221; up=&#8221;40&#8243; down=&#8221;0&#8243;][\/vc_column_inner][vc_column_inner el_class=&#8221;text-center&#8221; width=&#8221;1\/3&#8243;][vc_single_image image=&#8221;1637&#8243; img_size=&#8221;full&#8221; qode_css_animation=&#8221;&#8221;][vc_separator type=&#8221;transparent&#8221; up=&#8221;20&#8243; down=&#8221;0&#8243;][vc_column_text]<\/p>\n<h3 style=\"text-align: center;\"><strong>Gesti\u00f3 de clients<\/strong><\/h3>\n<p>[\/vc_column_text][vc_separator type=&#8221;transparent&#8221; up=&#8221;20&#8243; down=&#8221;0&#8243;][vc_column_text]<\/p>\n<div class=\"wpb_text_column wpb_content_element destacado\">\n<div class=\"wpb_wrapper\">\n<p>Gestiona els clients i els equips comercials. Automatitza tasques, simplifica procesos de venda i augmenta els beneficis.<\/p>\n<\/div>\n<\/div>\n<p>[\/vc_column_text][vc_separator type=&#8221;transparent&#8221; up=&#8221;20&#8243; down=&#8221;0&#8243;]<a  itemprop=\"url\" href=\"https:\/\/passolutions.es\/index.php\/gestio-de-clients\/\" target=\"_self\"  class=\"qbutton  large center default btn-center\" style=\"\">Saber m\u00e9s<\/a>[vc_separator type=&#8221;transparent&#8221; up=&#8221;40&#8243; down=&#8221;0&#8243;][\/vc_column_inner][vc_column_inner el_class=&#8221;text-center&#8221; width=&#8221;1\/3&#8243;][vc_single_image image=&#8221;1640&#8243; img_size=&#8221;full&#8221; qode_css_animation=&#8221;&#8221;][vc_separator type=&#8221;transparent&#8221; up=&#8221;20&#8243; down=&#8221;0&#8243;][vc_column_text]<\/p>\n<h3 style=\"text-align: center;\"><strong>Gesti\u00f3 de processos<\/strong><\/h3>\n<p>[\/vc_column_text][vc_separator type=&#8221;transparent&#8221; up=&#8221;20&#8243; down=&#8221;0&#8243;][vc_column_text]<\/p>\n<div class=\"wpb_text_column wpb_content_element destacado\">\n<div class=\"wpb_wrapper\">\n<p>Automatitza processos i fluxos de treball de diferents \u00e0rees del teu negoci, mitjan\u00e7ant la integraci\u00f3 de Sage 200.<\/p>\n<\/div>\n<\/div>\n<p>[\/vc_column_text][vc_separator type=&#8221;transparent&#8221; up=&#8221;20&#8243; down=&#8221;0&#8243;]<a  itemprop=\"url\" href=\"https:\/\/passolutions.es\/index.php\/gestio-de-processos\/\" target=\"_self\"  class=\"qbutton  large center default btn-center\" style=\"\">Saber m\u00e9s<\/a>[vc_separator type=&#8221;transparent&#8221; up=&#8221;40&#8243; down=&#8221;0&#8243;][\/vc_column_inner][\/vc_row_inner][vc_row_inner row_type=&#8221;row&#8221; type=&#8221;full_width&#8221; text_align=&#8221;left&#8221; css_animation=&#8221;&#8221;][vc_column_inner el_class=&#8221;text-center&#8221; width=&#8221;1\/3&#8243; offset=&#8221;vc_hidden-lg vc_hidden-md vc_hidden-sm vc_hidden-xs&#8221;][vc_single_image image=&#8221;1042&#8243; img_size=&#8221;full&#8221; qode_css_animation=&#8221;&#8221;][vc_separator type=&#8221;transparent&#8221; up=&#8221;20&#8243; down=&#8221;0&#8243;][vc_column_text]<\/p>\n<h3 style=\"text-align: center;\"><strong>Lloc web i pres\u00e8ncia a internet<\/strong><\/h3>\n<p>[\/vc_column_text][vc_separator type=&#8221;transparent&#8221; up=&#8221;20&#8243; down=&#8221;0&#8243;][vc_column_text]<\/p>\n<div class=\"wpb_text_column wpb_content_element destacado\">\n<div class=\"wpb_wrapper\">\n<p>Augmenta la teva pres\u00e8ncia a Internet, potencia la teva marca per tal de atraure als teus potencials clients.<\/p>\n<\/div>\n<\/div>\n<p>[\/vc_column_text][vc_separator type=&#8221;transparent&#8221; up=&#8221;20&#8243; down=&#8221;0&#8243;]<a  itemprop=\"url\" href=\"\" target=\"_self\"  class=\"qbutton  large center default btn-center\" style=\"\">Saber m\u00e9s<\/a>[vc_separator type=&#8221;transparent&#8221; up=&#8221;40&#8243; down=&#8221;0&#8243;][\/vc_column_inner][vc_column_inner el_class=&#8221;text-center&#8221; width=&#8221;1\/3&#8243; offset=&#8221;vc_hidden-lg vc_hidden-md vc_hidden-sm vc_hidden-xs&#8221;][vc_single_image image=&#8221;1037&#8243; img_size=&#8221;full&#8221; qode_css_animation=&#8221;&#8221;][vc_separator type=&#8221;transparent&#8221; up=&#8221;20&#8243; down=&#8221;0&#8243;][vc_column_text]<\/p>\n<h3 style=\"text-align: center;\"><strong>Comer\u00e7\u00a0<\/strong><strong>electr\u00f2nic<\/strong><\/h3>\n<p>[\/vc_column_text][vc_separator type=&#8221;transparent&#8221; up=&#8221;20&#8243; down=&#8221;0&#8243;][vc_column_text]<\/p>\n<div class=\"wpb_text_column wpb_content_element destacado\">\n<div class=\"wpb_wrapper\">\n<p>Incrementa les teves vendes a traves d\u2019una botiga on-line. Dissenys atractius, personalitzats i adaptats a les compres a trav\u00e9s de dispositius m\u00f2bils.<\/p>\n<\/div>\n<\/div>\n<p>[\/vc_column_text][vc_separator type=&#8221;transparent&#8221; up=&#8221;20&#8243; down=&#8221;0&#8243;]<a  itemprop=\"url\" href=\"\" target=\"_self\"  class=\"qbutton  large center default btn-center\" style=\"\">Saber m\u00e9s<\/a>[vc_separator type=&#8221;transparent&#8221; up=&#8221;40&#8243; down=&#8221;0&#8243;][\/vc_column_inner][vc_column_inner el_class=&#8221;text-center&#8221; width=&#8221;1\/3&#8243; offset=&#8221;vc_hidden-lg vc_hidden-md vc_hidden-sm vc_hidden-xs&#8221;][vc_single_image image=&#8221;1040&#8243; img_size=&#8221;full&#8221; qode_css_animation=&#8221;&#8221;][vc_separator type=&#8221;transparent&#8221; up=&#8221;20&#8243; down=&#8221;0&#8243;][vc_column_text]<\/p>\n<h3 style=\"text-align: center;\"><strong>Gesti\u00f3 de xarxes socials<\/strong><\/h3>\n<p>[\/vc_column_text][vc_separator type=&#8221;transparent&#8221; up=&#8221;20&#8243; down=&#8221;0&#8243;][vc_column_text]<\/p>\n<div class=\"wpb_text_column wpb_content_element destacado\">\n<div class=\"wpb_wrapper\">\n<p>T\u2019ajudem a gestionar les teves XX.SS. per millorar les relacions amb la teva comunitat, incrementar la teva pres\u00e8ncia de marca.<\/p>\n<\/div>\n<\/div>\n<p>[\/vc_column_text][vc_separator type=&#8221;transparent&#8221; up=&#8221;20&#8243; down=&#8221;0&#8243;]<a  itemprop=\"url\" href=\"\" target=\"_self\"  class=\"qbutton  large center default btn-center\" style=\"\">Saber m\u00e9s<\/a>[vc_separator type=&#8221;transparent&#8221; up=&#8221;40&#8243; down=&#8221;0&#8243;][\/vc_column_inner][\/vc_row_inner][\/vc_column][\/vc_row][vc_row css_animation=&#8221;&#8221; row_type=&#8221;row&#8221; use_row_as_full_screen_section=&#8221;no&#8221; type=&#8221;grid&#8221; angled_section=&#8221;no&#8221; text_align=&#8221;left&#8221; background_image_as_pattern=&#8221;without_pattern&#8221; z_index=&#8221;&#8221;][vc_column width=&#8221;2\/12&#8243;][\/vc_column][vc_column width=&#8221;8\/12&#8243;][vc_column_text]<\/p>\n<h2 style=\"text-align: center;\">IMPORTS M\u00c0XIMS DE LES AJUDES<\/h2>\n<p>[\/vc_column_text][vc_separator type=&#8221;transparent&#8221; up=&#8221;30&#8243; down=&#8221;0&#8243;][vc_column_text]<\/p>\n<div class=\"wpb_text_column wpb_content_element destacado\">\n<div class=\"wpb_wrapper\">\n<p style=\"text-align: center;\">En funci\u00f3 del tamany del teu negoci i de les diferents solucions digitals que vols implementar, podr\u00e0s accedir a una quantia o a una altra. Consulta en les seg\u00fcents taules les imports m\u00e0xim de cada ajuda.<\/p>\n<\/div>\n<\/div>\n<p>[\/vc_column_text][vc_separator type=&#8221;transparent&#8221; up=&#8221;60&#8243; down=&#8221;0&#8243;][vc_raw_html]JTNDdGFibGUlMjBjbGFzcyUzRCUyMnRhYmxlJTIwdGFibGUtaG92ZXIlMjBtZyUyMiUzRSUwQSUzQ3RoZWFkJTNFJTBBJTNDdHIlM0UlMEElM0N0aCUzRVNlZ21lbnRzJTIwZGUlMjBiZW5lZmljaWFyaXMlM0MlMkZ0aCUzRSUwQSUzQ3RoJTNFSW1wb3J0JTIwZGVsJTIwJUMyJUFCYm8lMjBkaWdpdGFsJUMyJUJCJTNDJTJGdGglM0UlMEElM0MlMkZ0ciUzRSUwQSUzQyUyRnRoZWFkJTNFJTBBJTNDdGJvZHklM0UlMEElM0N0ciUzRSUwQSUzQ3RkJTNFU2VnbWVudCUyMEkuJTIwUGV0aXRlcyUyMGVtcHJlc2VzJTIwZW50cmUlMjAxMCUyMG1lbnlzJTIwZGUlMjA1MCUyMGVtcGxlYXRzLiUzQyUyRnRkJTNFJTBBJTNDdGQlM0UxMi4wMDAlMjBldXJvcyUzQyUyRnRkJTNFJTBBJTNDJTJGdHIlM0UlMEElM0N0ciUzRSUwQSUzQ3RkJTNFU2VnbWVudCUyMElJLiUyMFBldGl0ZXMlMjBlbXByZXNlcyUyMG8lMjBNaWNyb2VtcHJlc2VzJTIwZW50cmUlMjAzJTIwaSUyMG1lbnlzJTIwZGUlMjAxMCUyMGVtcGxlYXRzJTNDJTJGdGQlM0UlMEElM0N0ZCUzRTYuMDAwJTIwZXVyb3MlM0MlMkZ0ZCUzRSUwQSUzQyUyRnRyJTNFJTBBJTNDdHIlM0UlMEElM0N0ZCUzRVNlZ21lbnQlMjBJSUkuJTIwUGV0aXRlcyUyMGVtcHJlc2VzJTIwbyUyMG1pY3JvZW1wcmVzZXMlMjBkJTI3ZW50cmUlMjAwJTIwaSUyMG1lbnlzJTIwZGUlMjAzJTIwZW1wbGVhdHMuJTNDJTJGdGQlM0UlMEElM0N0ZCUzRTIuMDAwJTIwZXVyb3MlM0MlMkZ0ZCUzRSUwQSUzQyUyRnRyJTNFJTBBJTNDJTJGdGJvZHklM0UlMEElM0MlMkZ0YWJsZSUzRQ==[\/vc_raw_html][vc_separator type=&#8221;transparent&#8221; up=&#8221;60&#8243; down=&#8221;0&#8243;][vc_raw_html]JTNDdGFibGUlMjBjbGFzcyUzRCUyMnRhYmxlJTIwdGFibGUtaG92ZXIlMjBtZyUyMiUzRSUwQSUzQ3RoZWFkJTNFJTBBJTNDdHIlM0UlMEElM0N0aCUzRUNhdGVnb3JpZXMlMjBkZSUyMFNvbHVjaW9ucyUyMGRlJTIwRGlnaXRhbGl0emFjaSVDMyVCMyUyME1lc29zJTIwZGUlMjBwcmVzdGFjaSVDMyVCMyUyMGRlbCUyMHNlcnZlaSUzQyUyRnRoJTNFJTBBJTNDdGglM0VNZXNvcyUyMGRlJTIwcHJlc3RhY2klQzMlQjMlMjBkZWwlMjBzZXJ2ZWklM0MlMkZ0aCUzRSUwQSUzQ3RoJTNFU2VnbWVudCUyMElJSSUyMCUzQ2JyJTNFMCUyMCVFMiU4MCU5MCUyNmx0JTNCMyUyMGVtcGxlYXRzJTNDJTJGdGglM0UlMEElM0N0aCUzRVNlZ21lbnQlMjBJSSUyMCUzQ2JyJTNFMyUyMCVFMiU4MCU5MCUyNmx0JTNCMTAlMjBlbXBsZWF0cyUzQyUyRnRoJTNFJTBBJTNDdGglM0VTZWdtZW50JTIwSSUyMCUzQ2JyJTNFMTAlMjAlRTIlODAlOTAlMjZsdCUzQiUyMDUwJTIwZW1wbGVhdHMlM0MlMkZ0aCUzRSUwQSUzQyUyRnRyJTNFJTBBJTNDJTJGdGhlYWQlM0UlMEElM0N0Ym9keSUzRSUwQSUzQ3RyJTNFJTBBJTNDdGQlM0VMbG9jJTIwV2ViJTIwaSUyMFByZXMlQzMlQThuY2lhJTIwYSUyMEludGVybmV0JTNDJTJGdGQlM0UlMEElM0N0ZCUzRTEyJTNDJTJGdGQlM0UlMEElM0N0ZCUzRTIuMDAwJTIwJUUyJTgyJUFDJTNDJTJGdGQlM0UlMEElM0N0ZCUzRTIuMDAwJTIwJUUyJTgyJUFDJTNDJTJGdGQlM0UlMEElM0N0ZCUzRTIuMDAwJTIwJUUyJTgyJUFDJTNDJTJGdGQlM0UlMEElM0MlMkZ0ciUzRSUwQSUzQ3RyJTNFJTBBJTNDdGQlM0VDb21lciVDMyVBNyUyMEVsZWN0ciVDMyVCMm5pYyUzQyUyRnRkJTNFJTBBJTNDdGQlM0UxMiUzQyUyRnRkJTNFJTBBJTNDdGQlM0UyLjAwMCUyMCVFMiU4MiVBQyUzQyUyRnRkJTNFJTBBJTNDdGQlM0UyLjAwMCUyMCVFMiU4MiVBQyUzQyUyRnRkJTNFJTBBJTNDdGQlM0UyLjAwMCUyMCVFMiU4MiVBQyUzQyUyRnRkJTNFJTBBJTNDJTJGdHIlM0UlMEElM0N0ciUzRSUwQSUzQ3RkJTNFR2VzdGklQzMlQjMlMjBkZSUyMFhhcnhlcyUyMFNvY2lhbHMuJTIwJTNDJTJGdGQlM0UlMEElM0N0ZCUzRTEyJTNDJTJGdGQlM0UlMEElM0N0ZCUzRTIuMDAwJTIwJUUyJTgyJUFDJTNDJTJGdGQlM0UlMEElM0N0ZCUzRTIuNTAwJTIwJUUyJTgyJUFDJTNDJTJGdGQlM0UlMEElM0N0ZCUzRTIuNTAwJTIwJUUyJTgyJUFDJTNDJTJGdGQlM0UlMEElM0MlMkZ0ciUzRSUwQSUzQ3RyJTNFJTBBJTNDdGQlM0VHZXN0aSVDMyVCMyUyMGRlJTIwQ2xpZW50cy4lM0MlMkZ0ZCUzRSUwQSUzQ3RkJTNFMTIlM0MlMkZ0ZCUzRSUwQSUzQ3RkJTNFMi4wMDAlMjAlRTIlODIlQUMlM0NiciUzRSUyOGluY2xvdSUyMDElMjB1c3VhcmklMjklM0MlMkZ0ZCUzRSUwQSUzQ3RkJTNFMi4wMDAlMjAlRTIlODIlQUMlM0NiciUzRSUyOGluY2xvdSUyMDElMjB1c3VhcmklMjklM0MlMkZ0ZCUzRSUwQSUzQ3RkJTNFNC4wMDAlMjAlRTIlODIlQUMlM0NiciUzRSUyOGluY2xvdSUyMDMlMjB1c3VhcmklMjklM0MlMkZ0ZCUzRSUwQSUzQyUyRnRyJTNFJTBBJTNDdHIlM0UlMEElM0N0ZCUzRUJ1c2luZXNzJTIwSW50ZWxsaWdlbmNlJTIwaSUyMEFuYWwlQzMlQUR0aWNhLiUzQyUyRnRkJTNFJTBBJTNDdGQlM0UxMiUzQyUyRnRkJTNFJTBBJTNDdGQlM0UxLjUwMCUyMCVFMiU4MiVBQyUzQ2JyJTNFJTI4aW5jbG91JTIwMSUyMHVzdWFyaSUyOSUzQyUyRnRkJTNFJTBBJTNDdGQlM0UyLjAwMCUyMCVFMiU4MiVBQyUzQ2JyJTNFJTI4aW5jbG91JTIwMSUyMHVzdWFyaSUyOSUzQyUyRnRkJTNFJTBBJTNDdGQlM0U0LjAwMCUyMCVFMiU4MiVBQyUzQ2JyJTNFJTI4aW5jbG91JTIwMyUyMHVzdWFyaSUyOSUzQyUyRnRkJTNFJTBBJTNDJTJGdHIlM0UlMEElM0N0ciUzRSUwQSUzQ3RkJTNFR2VzdGklQzMlQjMlMjBkZSUyMFByb2Nlc3Nvcy4lM0MlMkZ0ZCUzRSUwQSUzQ3RkJTNFMTIlM0MlMkZ0ZCUzRSUwQSUzQ3RkJTNFNTAwJTIwJUUyJTgyJUFDJTNDYnIlM0UlMjhpbmNsb3UlMjAxJTIwdXN1YXJpJTI5JTNDJTJGdGQlM0UlMEElM0N0ZCUzRTIuMDAwJTIwJUUyJTgyJUFDJTNDYnIlM0UlMjhpbmNsb3UlMjAzJTIwdXN1YXJpJTI5JTNDJTJGdGQlM0UlMEElM0N0ZCUzRTYuMDAwJTIwJUUyJTgyJUFDJTNDYnIlM0UlMjhpbmNsb3UlMjAxMCUyMHVzdWFyaSUyOSUzQyUyRnRkJTNFJTBBJTNDJTJGdHIlM0UlMEElM0N0ciUzRSUwQSUzQ3RkJTNFRmFjdHVyYSUyMGVsZWN0ciVDMyVCMm5pY2EuJTNDJTJGdGQlM0UlMEElM0N0ZCUzRTEyJTNDJTJGdGQlM0UlMEElM0N0ZCUzRTUwMCUyMCVFMiU4MiVBQyUzQ2JyJTNFJTI4aW5jbG91JTIwMSUyMHVzdWFyaSUyOSUzQyUyRnRkJTNFJTBBJTNDdGQlM0UxLjAwMCUyMCVFMiU4MiVBQyUzQ2JyJTNFJTI4aW5jbG91JTIwMyUyMHVzdWFyaSUyOSUzQyUyRnRkJTNFJTBBJTNDdGQlM0UxLjAwMCUyMCVFMiU4MiVBQyUzQ2JyJTNFJTI4aW5jbG91JTIwMyUyMHVzdWFyaSUyOSUzQyUyRnRkJTNFJTBBJTNDJTJGdHIlM0UlMEElM0N0ciUzRSUwQSUzQ3RkJTNFU2VydmVpcyUyMGklMjBlaW5lcyUyMGQlMjdPZmljaW5hJTIwVmlydHVhbC4lM0MlMkZ0ZCUzRSUwQSUzQ3RkJTNFMTIlM0MlMkZ0ZCUzRSUwQSUzQ3RkJTNFMjUwJTIwJUUyJTgyJUFDJTIwJTJGJTIwdXN1YXJpJTNDYnIlM0UlMjhmaW5zJTIwYSUyMDIlMjB1c3VhcmlzJTI5JTIwJTNDJTJGdGQlM0UlMEElM0N0ZCUzRTI1MCUyMCVFMiU4MiVBQyUyMCUyRiUyMHVzdWFyaSUzQ2JyJTNFJTI4ZmlucyUyMGElMjA5JTIwdXN1YXJpcyUyOSUyMCUzQyUyRnRkJTNFJTBBJTNDdGQlM0UyNTAlMjAlRTIlODIlQUMlMjAlMkYlMjB1c3VhcmklM0NiciUzRSUyOGZpbnMlMjBhJTIwNDglMjB1c3VhcmlzJTI5JTIwJTNDJTJGdGQlM0UlMEElM0MlMkZ0ciUzRSUwQSUzQ3RyJTNFJTBBJTNDdGQlM0VDb211bmljYWNpb25zJTIwU2VndXJlcy4lM0MlMkZ0ZCUzRSUwQSUzQ3RkJTNFMTIlM0MlMkZ0ZCUzRSUwQSUzQ3RkJTNFMTI1JTIwJUUyJTgyJUFDJTIwJTJGJTIwdXN1YXJpJTNDYnIlM0UlMjhmaW5zJTIwYSUyMDIlMjB1c3VhcmlzJTI5JTIwJTNDJTJGdGQlM0UlMEElM0N0ZCUzRTEyNSUyMCVFMiU4MiVBQyUyMCUyRiUyMHVzdWFyaSUzQ2JyJTNFJTI4ZmlucyUyMGElMjA5JTIwdXN1YXJpcyUyOSUyMCUzQyUyRnRkJTNFJTBBJTNDdGQlM0UxMjUlMjAlRTIlODIlQUMlMjAlMkYlMjB1c3VhcmklM0NiciUzRSUyOGZpbnMlMjBhJTIwNDglMjB1c3VhcmlzJTI5JTIwJTNDJTJGdGQlM0UlMEElM0MlMkZ0ciUzRSUwQSUzQ3RyJTNFJTBBJTNDdGQlM0VDaWJlcnNlZ3VyZXRhdC4lM0MlMkZ0ZCUzRSUwQSUzQ3RkJTNFMTIlM0MlMkZ0ZCUzRSUwQSUzQ3RkJTNFMTI1JTIwJUUyJTgyJUFDJTIwJTJGJTIwZGlzcG9zaXRpdSUzQ2JyJTNFJTI4ZmlucyUyMGElMjAyJTIwZGlzcG9zaXRpdXMlMjklMjAlM0MlMkZ0ZCUzRSUwQSUzQ3RkJTNFMTI1JTIwJUUyJTgyJUFDJTIwJTJGJTIwZGlzcG9zaXRpdSUzQ2JyJTNFJTI4ZmlucyUyMGElMjA5JTIwZGlzcG9zaXRpdXMlMjklMjAlM0MlMkZ0ZCUzRSUwQSUzQ3RkJTNFMTI1JTIwJUUyJTgyJUFDJTIwJTJGJTIwZGlzcG9zaXRpdSUzQ2JyJTNFJTI4ZmlucyUyMGElMjA0OCUyMGRpc3Bvc2l0aXVzJTI5JTIwJTNDJTJGdGQlM0UlMEElM0MlMkZ0ciUzRSUwQSUwQSUwQSUzQyUyRnRib2R5JTNFJTBBJTNDJTJGdGFibGUlM0U=[\/vc_raw_html][vc_separator type=&#8221;transparent&#8221; up=&#8221;60&#8243; down=&#8221;0&#8243;][\/vc_column][vc_column width=&#8221;2\/12&#8243;][\/vc_column][\/vc_row]<\/p>\n<\/div>","protected":false},"excerpt":{"rendered":"<p>[vc_row css_animation=&#8221;&#8221; row_type=&#8221;row&#8221; use_row_as_full_screen_section=&#8221;no&#8221; type=&#8221;grid&#8221; angled_section=&#8221;no&#8221; text_align=&#8221;center&#8221; background_image_as_pattern=&#8221;without_pattern&#8221; padding_top=&#8221;75&#8243; padding_bottom=&#8221;105&#8243; z_index=&#8221;&#8221;][vc_column offset=&#8221;vc_col-lg-offset-1 vc_col-lg-5 vc_col-md-offset-0 vc_col-sm-offset-0&#8243;][vc_column_text] Programa Kit Digital [\/vc_column_text][vc_separator type=&#8221;small&#8221; position=&#8221;center&#8221;][vc_column_text] Ara \u00e9s el moment ideal per digitalitzar la teva empresa [\/vc_column_text][vc_separator type=&#8221;transparent&#8221; up=&#8221;30&#8243; down=&#8221;0&#8243;][vc_column_text]Per a\u00a0impulsar la digitalitzaci\u00f3 de les empreses\u00a0que m\u00e9s ho necessiten, el&#8230;<\/p>\n","protected":false},"author":1,"featured_media":0,"parent":0,"menu_order":0,"comment_status":"closed","ping_status":"closed","template":"full_width.php","meta":{"footnotes":""},"class_list":["post-1570","page","type-page","status-publish","hentry"],"yoast_head":"<!-- This site is optimized with the Yoast SEO plugin v27.3 - https:\/\/yoast.com\/product\/yoast-seo-wordpress\/ -->\n<title>Kit Digital - PasSolutions<\/title>\n<meta name=\"robots\" content=\"index, follow, max-snippet:-1, max-image-preview:large, max-video-preview:-1\" \/>\n<link rel=\"canonical\" href=\"https:\/\/passolutions.es\/index.php\/kit-digital\/\" \/>\n<meta property=\"og:locale\" content=\"ca_ES\" \/>\n<meta property=\"og:type\" content=\"article\" \/>\n<meta property=\"og:title\" content=\"Kit Digital - PasSolutions\" \/>\n<meta property=\"og:description\" content=\"[vc_row css_animation=&#8221;&#8221; row_type=&#8221;row&#8221; use_row_as_full_screen_section=&#8221;no&#8221; type=&#8221;grid&#8221; angled_section=&#8221;no&#8221; text_align=&#8221;center&#8221; background_image_as_pattern=&#8221;without_pattern&#8221; padding_top=&#8221;75&#8243; padding_bottom=&#8221;105&#8243; z_index=&#8221;&#8221;][vc_column offset=&#8221;vc_col-lg-offset-1 vc_col-lg-5 vc_col-md-offset-0 vc_col-sm-offset-0&#8243;][vc_column_text] Programa Kit Digital [\/vc_column_text][vc_separator type=&#8221;small&#8221; position=&#8221;center&#8221;][vc_column_text] Ara \u00e9s el moment ideal per digitalitzar la teva empresa [\/vc_column_text][vc_separator type=&#8221;transparent&#8221; up=&#8221;30&#8243; down=&#8221;0&#8243;][vc_column_text]Per a\u00a0impulsar la digitalitzaci\u00f3 de les empreses\u00a0que m\u00e9s ho necessiten, el...\" \/>\n<meta property=\"og:url\" content=\"https:\/\/passolutions.es\/index.php\/kit-digital\/\" \/>\n<meta property=\"og:site_name\" content=\"PasSolutions\" \/>\n<meta property=\"article:modified_time\" content=\"2024-06-27T11:19:00+00:00\" \/>\n<meta name=\"twitter:card\" content=\"summary_large_image\" \/>\n<meta name=\"twitter:label1\" content=\"Temps estimat de lectura\" \/>\n\t<meta name=\"twitter:data1\" content=\"7 minuts\" \/>\n<script type=\"application\/ld+json\" class=\"yoast-schema-graph\">{\"@context\":\"https:\\\/\\\/schema.org\",\"@graph\":[{\"@type\":\"WebPage\",\"@id\":\"https:\\\/\\\/passolutions.es\\\/index.php\\\/kit-digital\\\/\",\"url\":\"https:\\\/\\\/passolutions.es\\\/index.php\\\/kit-digital\\\/\",\"name\":\"Kit Digital - PasSolutions\",\"isPartOf\":{\"@id\":\"https:\\\/\\\/passolutions.es\\\/#website\"},\"datePublished\":\"2024-06-26T09:44:51+00:00\",\"dateModified\":\"2024-06-27T11:19:00+00:00\",\"breadcrumb\":{\"@id\":\"https:\\\/\\\/passolutions.es\\\/index.php\\\/kit-digital\\\/#breadcrumb\"},\"inLanguage\":\"ca\",\"potentialAction\":[{\"@type\":\"ReadAction\",\"target\":[\"https:\\\/\\\/passolutions.es\\\/index.php\\\/kit-digital\\\/\"]}]},{\"@type\":\"BreadcrumbList\",\"@id\":\"https:\\\/\\\/passolutions.es\\\/index.php\\\/kit-digital\\\/#breadcrumb\",\"itemListElement\":[{\"@type\":\"ListItem\",\"position\":1,\"name\":\"Inici\",\"item\":\"https:\\\/\\\/passolutions.es\\\/\"},{\"@type\":\"ListItem\",\"position\":2,\"name\":\"Kit Digital\"}]},{\"@type\":\"WebSite\",\"@id\":\"https:\\\/\\\/passolutions.es\\\/#website\",\"url\":\"https:\\\/\\\/passolutions.es\\\/\",\"name\":\"PasSolutions\",\"description\":\"El teu aliat tecnol\u00f2gic des de 1994\",\"publisher\":{\"@id\":\"https:\\\/\\\/passolutions.es\\\/#organization\"},\"potentialAction\":[{\"@type\":\"SearchAction\",\"target\":{\"@type\":\"EntryPoint\",\"urlTemplate\":\"https:\\\/\\\/passolutions.es\\\/?s={search_term_string}\"},\"query-input\":{\"@type\":\"PropertyValueSpecification\",\"valueRequired\":true,\"valueName\":\"search_term_string\"}}],\"inLanguage\":\"ca\"},{\"@type\":\"Organization\",\"@id\":\"https:\\\/\\\/passolutions.es\\\/#organization\",\"name\":\"PasSolutions\",\"url\":\"https:\\\/\\\/passolutions.es\\\/\",\"logo\":{\"@type\":\"ImageObject\",\"inLanguage\":\"ca\",\"@id\":\"https:\\\/\\\/passolutions.es\\\/#\\\/schema\\\/logo\\\/image\\\/\",\"url\":\"http:\\\/\\\/passolutions.es\\\/wp-content\\\/uploads\\\/2020\\\/12\\\/logo-1.png\",\"contentUrl\":\"http:\\\/\\\/passolutions.es\\\/wp-content\\\/uploads\\\/2020\\\/12\\\/logo-1.png\",\"width\":340,\"height\":79,\"caption\":\"PasSolutions\"},\"image\":{\"@id\":\"https:\\\/\\\/passolutions.es\\\/#\\\/schema\\\/logo\\\/image\\\/\"}}]}<\/script>\n<!-- \/ Yoast SEO plugin. -->","yoast_head_json":{"title":"Kit Digital - PasSolutions","robots":{"index":"index","follow":"follow","max-snippet":"max-snippet:-1","max-image-preview":"max-image-preview:large","max-video-preview":"max-video-preview:-1"},"canonical":"https:\/\/passolutions.es\/index.php\/kit-digital\/","og_locale":"ca_ES","og_type":"article","og_title":"Kit Digital - PasSolutions","og_description":"[vc_row css_animation=&#8221;&#8221; row_type=&#8221;row&#8221; use_row_as_full_screen_section=&#8221;no&#8221; type=&#8221;grid&#8221; angled_section=&#8221;no&#8221; text_align=&#8221;center&#8221; background_image_as_pattern=&#8221;without_pattern&#8221; padding_top=&#8221;75&#8243; padding_bottom=&#8221;105&#8243; z_index=&#8221;&#8221;][vc_column offset=&#8221;vc_col-lg-offset-1 vc_col-lg-5 vc_col-md-offset-0 vc_col-sm-offset-0&#8243;][vc_column_text] Programa Kit Digital [\/vc_column_text][vc_separator type=&#8221;small&#8221; position=&#8221;center&#8221;][vc_column_text] Ara \u00e9s el moment ideal per digitalitzar la teva empresa [\/vc_column_text][vc_separator type=&#8221;transparent&#8221; up=&#8221;30&#8243; down=&#8221;0&#8243;][vc_column_text]Per a\u00a0impulsar la digitalitzaci\u00f3 de les empreses\u00a0que m\u00e9s ho necessiten, el...","og_url":"https:\/\/passolutions.es\/index.php\/kit-digital\/","og_site_name":"PasSolutions","article_modified_time":"2024-06-27T11:19:00+00:00","twitter_card":"summary_large_image","twitter_misc":{"Temps estimat de lectura":"7 minuts"},"schema":{"@context":"https:\/\/schema.org","@graph":[{"@type":"WebPage","@id":"https:\/\/passolutions.es\/index.php\/kit-digital\/","url":"https:\/\/passolutions.es\/index.php\/kit-digital\/","name":"Kit Digital - PasSolutions","isPartOf":{"@id":"https:\/\/passolutions.es\/#website"},"datePublished":"2024-06-26T09:44:51+00:00","dateModified":"2024-06-27T11:19:00+00:00","breadcrumb":{"@id":"https:\/\/passolutions.es\/index.php\/kit-digital\/#breadcrumb"},"inLanguage":"ca","potentialAction":[{"@type":"ReadAction","target":["https:\/\/passolutions.es\/index.php\/kit-digital\/"]}]},{"@type":"BreadcrumbList","@id":"https:\/\/passolutions.es\/index.php\/kit-digital\/#breadcrumb","itemListElement":[{"@type":"ListItem","position":1,"name":"Inici","item":"https:\/\/passolutions.es\/"},{"@type":"ListItem","position":2,"name":"Kit Digital"}]},{"@type":"WebSite","@id":"https:\/\/passolutions.es\/#website","url":"https:\/\/passolutions.es\/","name":"PasSolutions","description":"El teu aliat tecnol\u00f2gic des de 1994","publisher":{"@id":"https:\/\/passolutions.es\/#organization"},"potentialAction":[{"@type":"SearchAction","target":{"@type":"EntryPoint","urlTemplate":"https:\/\/passolutions.es\/?s={search_term_string}"},"query-input":{"@type":"PropertyValueSpecification","valueRequired":true,"valueName":"search_term_string"}}],"inLanguage":"ca"},{"@type":"Organization","@id":"https:\/\/passolutions.es\/#organization","name":"PasSolutions","url":"https:\/\/passolutions.es\/","logo":{"@type":"ImageObject","inLanguage":"ca","@id":"https:\/\/passolutions.es\/#\/schema\/logo\/image\/","url":"http:\/\/passolutions.es\/wp-content\/uploads\/2020\/12\/logo-1.png","contentUrl":"http:\/\/passolutions.es\/wp-content\/uploads\/2020\/12\/logo-1.png","width":340,"height":79,"caption":"PasSolutions"},"image":{"@id":"https:\/\/passolutions.es\/#\/schema\/logo\/image\/"}}]}},"_links":{"self":[{"href":"https:\/\/passolutions.es\/index.php\/wp-json\/wp\/v2\/pages\/1570","targetHints":{"allow":["GET"]}}],"collection":[{"href":"https:\/\/passolutions.es\/index.php\/wp-json\/wp\/v2\/pages"}],"about":[{"href":"https:\/\/passolutions.es\/index.php\/wp-json\/wp\/v2\/types\/page"}],"author":[{"embeddable":true,"href":"https:\/\/passolutions.es\/index.php\/wp-json\/wp\/v2\/users\/1"}],"replies":[{"embeddable":true,"href":"https:\/\/passolutions.es\/index.php\/wp-json\/wp\/v2\/comments?post=1570"}],"version-history":[{"count":28,"href":"https:\/\/passolutions.es\/index.php\/wp-json\/wp\/v2\/pages\/1570\/revisions"}],"predecessor-version":[{"id":1644,"href":"https:\/\/passolutions.es\/index.php\/wp-json\/wp\/v2\/pages\/1570\/revisions\/1644"}],"wp:attachment":[{"href":"https:\/\/passolutions.es\/index.php\/wp-json\/wp\/v2\/media?parent=1570"}],"curies":[{"name":"wp","href":"https:\/\/api.w.org\/{rel}","templated":true}]}}