{"id":3,"date":"2020-11-26T17:14:10","date_gmt":"2020-11-26T17:14:10","guid":{"rendered":"http:\/\/passolutions.es\/?page_id=3"},"modified":"2020-12-16T13:16:58","modified_gmt":"2020-12-16T13:16:58","slug":"politica-privacidad","status":"publish","type":"page","link":"https:\/\/passolutions.es\/index.php\/politica-privacidad\/","title":{"rendered":"Pol\u00edtica de privacitat"},"content":{"rendered":"<div class=\"wpb-content-wrapper\"><p>[vc_row css_animation=&#8221;&#8221; row_type=&#8221;row&#8221; use_row_as_full_screen_section=&#8221;no&#8221; type=&#8221;full_width&#8221; angled_section=&#8221;no&#8221; text_align=&#8221;left&#8221; background_image_as_pattern=&#8221;without_pattern&#8221;][vc_column][vc_column_text]<\/p>\n<div class=\"main col-lg-9 col-md-8\" role=\"main\">\n<div class=\"entry-content\">\n<p>La visita a esta p\u00e1gina web no supone que el usuario est\u00e9 obligado a facilitar ninguna informaci\u00f3n sobre s\u00ed mismo. No obstante, durante la visita es posible que se soliciten datos de car\u00e1cter personal a trav\u00e9s de formularios.<br \/>Los datos que solicitamos en este sitio web son adecuados, pertinentes y estrictamente necesarios para poder prestarle los servicios ofrecidos y en ning\u00fan caso usted est\u00e1 obligado a facilit\u00e1rnoslos, si bien debe saber que su no comunicaci\u00f3n podr\u00e1 afectar o imposibilitar la prestaci\u00f3n del servicio.<br \/>Con el consentimiento expreso que presta al aceptar la presente Pol\u00edtica de Privacidad antes de facilitarnos sus datos personales, usted nos da la base legal para su tratamiento.<br \/>De acuerdo con el Reglamento General de Protecci\u00f3n de Datos y en base a los principios de transparencia, lealtad y licitud, detallamos a continuaci\u00f3n el tratamiento que realizaremos de sus datos de car\u00e1cter personal:<\/p>\n<p>&nbsp;<\/p>\n<h3><strong>RESPONSABLE DEL TRATAMIENTO<\/strong><\/h3>\n<p>Sus datos personales formar\u00e1n parte del fichero Usuarios Web, cuyo destinatario y responsable del fichero y del tratamiento del mismo es:<br \/>o RAZ\u00d3N SOCIAL: PASSOLUTIONS SL<br \/>o CIF: B60749090<br \/>o DOMICILIO SOCIAL: C\/ NOU 8 08301 MATAR\u00d3 (BARCELONA)<br \/>o Email: pass@passolutions.es<br \/>o Tel\u00e9fono: 934084583<br \/>o Datos del DPO: OCTALIA COMPLIANCE. info@octalia.es<\/p>\n<p>&nbsp;<\/p>\n<h3>FINALIDAD DEL TRATAMIENTO<\/h3>\n<p>Los datos de car\u00e1cter personal que nos facilite en este sitio web se tratar\u00e1n \u00fanica y exclusivamente con la finalidad de enviarle la informaci\u00f3n solicitada. Adem\u00e1s, si lo consiente expresamente, le podremos enviar comunicaciones electr\u00f3nicas con informaci\u00f3n de nuestros servicios y actividades que esperamos puedan ser de su inter\u00e9s. En caso de que sus datos sufran alguna modificaci\u00f3n, rogamos nos lo comunique a los datos de contacto que figuran m\u00e1s arriba con tal de poder mantenerlos actualizados y poder responder de la veracidad de los mismos.<\/p>\n<p>&nbsp;<\/p>\n<h3>CONSERVACI\u00d3N DE LOS DATOS<\/h3>\n<p>Conservaremos sus datos el tiempo imprescindible para poder llevar a cabo la finalidad para la cual nos los ha facilitado y para poder atender, en caso necesario, las responsabilidades y legales que pueden derivarse de ellos. Si no ejerce su derecho de oposici\u00f3n o cancelaci\u00f3n al tratamiento de sus datos, entenderemos que contin\u00faa interesado en seguir formando parte de nuestro fichero de Clientes mientras el tratamiento sea adecuado a la finalidad para la que se facilitaron.<br \/>Usted puede retirar su consentimiento para cualquier finalidad concreta que hubiese aceptado previamente sin que tenga afectaci\u00f3n en la licitud del tratamiento basado en ese consentimiento.<\/p>\n<p>&nbsp;<\/p>\n<h3><strong>CESI\u00d3N DE LOS DATOS<\/strong><\/h3>\n<p>Sus datos no ser\u00e1n comunicados a terceros salvo a empresas colaboradoras siempre que esta cesi\u00f3n conlleve una mejora del servicio para el cual se cedieron, exista obligaci\u00f3n legal o se le haya informado expresamente.<\/p>\n<p>&nbsp;<\/p>\n<h3><strong>DERECHOS DEL USUARIO SOBRE SUS DATOS PERSONALES<\/strong><\/h3>\n<p>Le informamos de los derechos de que dispone al cedernos sus datos:<br \/>\u2022 Derecho al acceso a los datos<br \/>\u2022 Derecho de rectificaci\u00f3n<br \/>\u2022 Derecho de supresi\u00f3n<br \/>\u2022 Derecho de oposici\u00f3n<br \/>\u2022 Derecho a la portabilidad<br \/>\u2022 Derecho a la limitaci\u00f3n de su tratamiento<br \/>Puede ejercer cualquiera de estos derechos comunic\u00e1ndolo por escrito a nuestro domicilio social que aparece m\u00e1s arriba o bien mediante correo electr\u00f3nico pass@passolutions.es, siempre incluyendo fotocopia del Documento Nacional de Identidad o equivalente.<br \/>Dispone de m\u00e1s informaci\u00f3n sobre sus derechos y de los formularios para ejercerlos en la p\u00e1gina web de la Agencia Espa\u00f1ola de Protecci\u00f3n de Datos, www.agpd.es<\/p>\n<p>&nbsp;<\/p>\n<h3><strong>PROTECCI\u00d3N Y CONFIDENCIALIDAD DE SUS DATOS<\/strong><\/h3>\n<p>Utilizamos medidas organizativas y t\u00e9cnicas para garantizar la seguridad y confidencialidad de sus datos personales, evitando su p\u00e9rdida, alteraci\u00f3n y tratamiento no autorizado. Nuestro personal ha sido formado y ha adoptado el compromiso de confidencialidad para su tratamiento.<br \/>La presente Pol\u00edtica de Privacidad puede actualizarse o adaptarse por los cambios que puedan producirse en la legislaci\u00f3n vigente o en la propia p\u00e1gina web. Por favor, l\u00e9ala detenidamente cada vez que facilite sus datos personales.<\/p>\n<\/div>\n<\/div>\n<p>[\/vc_column_text][\/vc_column][\/vc_row]<\/p>\n<\/div>","protected":false},"excerpt":{"rendered":"<p>[vc_row css_animation=&#8221;&#8221; row_type=&#8221;row&#8221; use_row_as_full_screen_section=&#8221;no&#8221; type=&#8221;full_width&#8221; angled_section=&#8221;no&#8221; text_align=&#8221;left&#8221; background_image_as_pattern=&#8221;without_pattern&#8221;][vc_column][vc_column_text] La visita a esta p\u00e1gina web no supone que el usuario est\u00e9 obligado a facilitar ninguna informaci\u00f3n sobre s\u00ed mismo. No obstante, durante la visita es posible que se soliciten datos de car\u00e1cter personal a trav\u00e9s de&#8230;<\/p>\n","protected":false},"author":1,"featured_media":0,"parent":0,"menu_order":0,"comment_status":"closed","ping_status":"open","template":"","meta":{"footnotes":""},"class_list":["post-3","page","type-page","status-publish","hentry"],"yoast_head":"<!-- This site is optimized with the Yoast SEO plugin v27.3 - https:\/\/yoast.com\/product\/yoast-seo-wordpress\/ -->\n<title>Pol\u00edtica de privacitat - PasSolutions<\/title>\n<meta name=\"robots\" content=\"index, follow, max-snippet:-1, max-image-preview:large, max-video-preview:-1\" \/>\n<link rel=\"canonical\" href=\"https:\/\/passolutions.es\/index.php\/politica-privacidad\/\" \/>\n<meta property=\"og:locale\" content=\"ca_ES\" \/>\n<meta property=\"og:type\" content=\"article\" \/>\n<meta property=\"og:title\" content=\"Pol\u00edtica de privacitat - PasSolutions\" \/>\n<meta property=\"og:description\" content=\"[vc_row css_animation=&#8221;&#8221; row_type=&#8221;row&#8221; use_row_as_full_screen_section=&#8221;no&#8221; type=&#8221;full_width&#8221; angled_section=&#8221;no&#8221; text_align=&#8221;left&#8221; background_image_as_pattern=&#8221;without_pattern&#8221;][vc_column][vc_column_text] La visita a esta p\u00e1gina web no supone que el usuario est\u00e9 obligado a facilitar ninguna informaci\u00f3n sobre s\u00ed mismo. No obstante, durante la visita es posible que se soliciten datos de car\u00e1cter personal a trav\u00e9s de...\" \/>\n<meta property=\"og:url\" content=\"https:\/\/passolutions.es\/index.php\/politica-privacidad\/\" \/>\n<meta property=\"og:site_name\" content=\"PasSolutions\" \/>\n<meta property=\"article:modified_time\" content=\"2020-12-16T13:16:58+00:00\" \/>\n<meta name=\"twitter:card\" content=\"summary_large_image\" \/>\n<meta name=\"twitter:label1\" content=\"Temps estimat de lectura\" \/>\n\t<meta name=\"twitter:data1\" content=\"4 minuts\" \/>\n<script type=\"application\/ld+json\" class=\"yoast-schema-graph\">{\"@context\":\"https:\\\/\\\/schema.org\",\"@graph\":[{\"@type\":\"WebPage\",\"@id\":\"https:\\\/\\\/passolutions.es\\\/index.php\\\/politica-privacidad\\\/\",\"url\":\"https:\\\/\\\/passolutions.es\\\/index.php\\\/politica-privacidad\\\/\",\"name\":\"Pol\u00edtica de privacitat - PasSolutions\",\"isPartOf\":{\"@id\":\"https:\\\/\\\/passolutions.es\\\/#website\"},\"datePublished\":\"2020-11-26T17:14:10+00:00\",\"dateModified\":\"2020-12-16T13:16:58+00:00\",\"breadcrumb\":{\"@id\":\"https:\\\/\\\/passolutions.es\\\/index.php\\\/politica-privacidad\\\/#breadcrumb\"},\"inLanguage\":\"ca\",\"potentialAction\":[{\"@type\":\"ReadAction\",\"target\":[\"https:\\\/\\\/passolutions.es\\\/index.php\\\/politica-privacidad\\\/\"]}]},{\"@type\":\"BreadcrumbList\",\"@id\":\"https:\\\/\\\/passolutions.es\\\/index.php\\\/politica-privacidad\\\/#breadcrumb\",\"itemListElement\":[{\"@type\":\"ListItem\",\"position\":1,\"name\":\"Inici\",\"item\":\"https:\\\/\\\/passolutions.es\\\/\"},{\"@type\":\"ListItem\",\"position\":2,\"name\":\"Pol\u00edtica de privacitat\"}]},{\"@type\":\"WebSite\",\"@id\":\"https:\\\/\\\/passolutions.es\\\/#website\",\"url\":\"https:\\\/\\\/passolutions.es\\\/\",\"name\":\"PasSolutions\",\"description\":\"El teu aliat tecnol\u00f2gic des de 1994\",\"publisher\":{\"@id\":\"https:\\\/\\\/passolutions.es\\\/#organization\"},\"potentialAction\":[{\"@type\":\"SearchAction\",\"target\":{\"@type\":\"EntryPoint\",\"urlTemplate\":\"https:\\\/\\\/passolutions.es\\\/?s={search_term_string}\"},\"query-input\":{\"@type\":\"PropertyValueSpecification\",\"valueRequired\":true,\"valueName\":\"search_term_string\"}}],\"inLanguage\":\"ca\"},{\"@type\":\"Organization\",\"@id\":\"https:\\\/\\\/passolutions.es\\\/#organization\",\"name\":\"PasSolutions\",\"url\":\"https:\\\/\\\/passolutions.es\\\/\",\"logo\":{\"@type\":\"ImageObject\",\"inLanguage\":\"ca\",\"@id\":\"https:\\\/\\\/passolutions.es\\\/#\\\/schema\\\/logo\\\/image\\\/\",\"url\":\"http:\\\/\\\/passolutions.es\\\/wp-content\\\/uploads\\\/2020\\\/12\\\/logo-1.png\",\"contentUrl\":\"http:\\\/\\\/passolutions.es\\\/wp-content\\\/uploads\\\/2020\\\/12\\\/logo-1.png\",\"width\":340,\"height\":79,\"caption\":\"PasSolutions\"},\"image\":{\"@id\":\"https:\\\/\\\/passolutions.es\\\/#\\\/schema\\\/logo\\\/image\\\/\"}}]}<\/script>\n<!-- \/ Yoast SEO plugin. -->","yoast_head_json":{"title":"Pol\u00edtica de privacitat - PasSolutions","robots":{"index":"index","follow":"follow","max-snippet":"max-snippet:-1","max-image-preview":"max-image-preview:large","max-video-preview":"max-video-preview:-1"},"canonical":"https:\/\/passolutions.es\/index.php\/politica-privacidad\/","og_locale":"ca_ES","og_type":"article","og_title":"Pol\u00edtica de privacitat - PasSolutions","og_description":"[vc_row css_animation=&#8221;&#8221; row_type=&#8221;row&#8221; use_row_as_full_screen_section=&#8221;no&#8221; type=&#8221;full_width&#8221; angled_section=&#8221;no&#8221; text_align=&#8221;left&#8221; background_image_as_pattern=&#8221;without_pattern&#8221;][vc_column][vc_column_text] La visita a esta p\u00e1gina web no supone que el usuario est\u00e9 obligado a facilitar ninguna informaci\u00f3n sobre s\u00ed mismo. No obstante, durante la visita es posible que se soliciten datos de car\u00e1cter personal a trav\u00e9s de...","og_url":"https:\/\/passolutions.es\/index.php\/politica-privacidad\/","og_site_name":"PasSolutions","article_modified_time":"2020-12-16T13:16:58+00:00","twitter_card":"summary_large_image","twitter_misc":{"Temps estimat de lectura":"4 minuts"},"schema":{"@context":"https:\/\/schema.org","@graph":[{"@type":"WebPage","@id":"https:\/\/passolutions.es\/index.php\/politica-privacidad\/","url":"https:\/\/passolutions.es\/index.php\/politica-privacidad\/","name":"Pol\u00edtica de privacitat - PasSolutions","isPartOf":{"@id":"https:\/\/passolutions.es\/#website"},"datePublished":"2020-11-26T17:14:10+00:00","dateModified":"2020-12-16T13:16:58+00:00","breadcrumb":{"@id":"https:\/\/passolutions.es\/index.php\/politica-privacidad\/#breadcrumb"},"inLanguage":"ca","potentialAction":[{"@type":"ReadAction","target":["https:\/\/passolutions.es\/index.php\/politica-privacidad\/"]}]},{"@type":"BreadcrumbList","@id":"https:\/\/passolutions.es\/index.php\/politica-privacidad\/#breadcrumb","itemListElement":[{"@type":"ListItem","position":1,"name":"Inici","item":"https:\/\/passolutions.es\/"},{"@type":"ListItem","position":2,"name":"Pol\u00edtica de privacitat"}]},{"@type":"WebSite","@id":"https:\/\/passolutions.es\/#website","url":"https:\/\/passolutions.es\/","name":"PasSolutions","description":"El teu aliat tecnol\u00f2gic des de 1994","publisher":{"@id":"https:\/\/passolutions.es\/#organization"},"potentialAction":[{"@type":"SearchAction","target":{"@type":"EntryPoint","urlTemplate":"https:\/\/passolutions.es\/?s={search_term_string}"},"query-input":{"@type":"PropertyValueSpecification","valueRequired":true,"valueName":"search_term_string"}}],"inLanguage":"ca"},{"@type":"Organization","@id":"https:\/\/passolutions.es\/#organization","name":"PasSolutions","url":"https:\/\/passolutions.es\/","logo":{"@type":"ImageObject","inLanguage":"ca","@id":"https:\/\/passolutions.es\/#\/schema\/logo\/image\/","url":"http:\/\/passolutions.es\/wp-content\/uploads\/2020\/12\/logo-1.png","contentUrl":"http:\/\/passolutions.es\/wp-content\/uploads\/2020\/12\/logo-1.png","width":340,"height":79,"caption":"PasSolutions"},"image":{"@id":"https:\/\/passolutions.es\/#\/schema\/logo\/image\/"}}]}},"_links":{"self":[{"href":"https:\/\/passolutions.es\/index.php\/wp-json\/wp\/v2\/pages\/3","targetHints":{"allow":["GET"]}}],"collection":[{"href":"https:\/\/passolutions.es\/index.php\/wp-json\/wp\/v2\/pages"}],"about":[{"href":"https:\/\/passolutions.es\/index.php\/wp-json\/wp\/v2\/types\/page"}],"author":[{"embeddable":true,"href":"https:\/\/passolutions.es\/index.php\/wp-json\/wp\/v2\/users\/1"}],"replies":[{"embeddable":true,"href":"https:\/\/passolutions.es\/index.php\/wp-json\/wp\/v2\/comments?post=3"}],"version-history":[{"count":1,"href":"https:\/\/passolutions.es\/index.php\/wp-json\/wp\/v2\/pages\/3\/revisions"}],"predecessor-version":[{"id":646,"href":"https:\/\/passolutions.es\/index.php\/wp-json\/wp\/v2\/pages\/3\/revisions\/646"}],"wp:attachment":[{"href":"https:\/\/passolutions.es\/index.php\/wp-json\/wp\/v2\/media?parent=3"}],"curies":[{"name":"wp","href":"https:\/\/api.w.org\/{rel}","templated":true}]}}