{"id":961,"date":"2020-12-30T12:59:48","date_gmt":"2020-12-30T12:59:48","guid":{"rendered":"http:\/\/passolutions.es\/?page_id=961"},"modified":"2021-03-01T10:47:18","modified_gmt":"2021-03-01T10:47:18","slug":"firewall-i-escriptori-remot","status":"publish","type":"page","link":"https:\/\/passolutions.es\/index.php\/serveis\/firewall-i-escriptori-remot\/","title":{"rendered":"VPN i escriptori remot"},"content":{"rendered":"<div class=\"wpb-content-wrapper\"><p>[vc_row css_animation=&#8221;&#8221; row_type=&#8221;row&#8221; use_row_as_full_screen_section=&#8221;no&#8221; type=&#8221;grid&#8221; angled_section=&#8221;no&#8221; text_align=&#8221;center&#8221; background_image_as_pattern=&#8221;without_pattern&#8221; padding_top=&#8221;75&#8243; padding_bottom=&#8221;105&#8243; z_index=&#8221;&#8221;][vc_column offset=&#8221;vc_col-lg-offset-0 vc_col-lg-6 vc_col-md-offset-0 vc_col-sm-offset-0&#8243;][vc_column_text]<\/p>\n<h2>experts en remot<\/h2>\n<p>[\/vc_column_text][vc_separator type=&#8221;small&#8221; position=&#8221;center&#8221;][vc_column_text]<\/p>\n<h3>VPN<\/h3>\n<p>[\/vc_column_text][vc_separator type=&#8221;transparent&#8221; up=&#8221;30&#8243; down=&#8221;0&#8243;][vc_column_text]<\/p>\n<p style=\"text-align: center;\">Una VPN (Virtual Private Network) \u00e9s una tecnologia de xarxa que s&#8217;utilitza per a connectar una o m\u00e9s computadores a una xarxa privada i segura utilitzant Internet. Les empreses solen utilitzar aquestes xarxes perqu\u00e8 els seus empleats, des de les seves cases, hotels, etc., puguin accedir a recursos corporatius que, d&#8217;una altra manera, no podrien.<\/p>\n<p>[\/vc_column_text][vc_separator type=&#8221;transparent&#8221; up=&#8221;40&#8243; down=&#8221;0&#8243;][\/vc_column][vc_column offset=&#8221;vc_col-lg-offset-0 vc_col-lg-6 vc_col-md-offset-0 vc_col-sm-offset-0&#8243;][vc_separator type=&#8221;transparent&#8221; up=&#8221;7&#8243; down=&#8221;0&#8243;][vc_single_image image=&#8221;1097&#8243; img_size=&#8221;full&#8221; alignment=&#8221;center&#8221; qode_css_animation=&#8221;element_from_left&#8221;][\/vc_column][\/vc_row][vc_row css_animation=&#8221;&#8221; row_type=&#8221;row&#8221; use_row_as_full_screen_section=&#8221;no&#8221; type=&#8221;grid&#8221; angled_section=&#8221;no&#8221; text_align=&#8221;center&#8221; background_image_as_pattern=&#8221;without_pattern&#8221; padding_top=&#8221;75&#8243; padding_bottom=&#8221;105&#8243; z_index=&#8221;&#8221;][vc_column offset=&#8221;vc_col-lg-offset-0 vc_col-lg-6 vc_col-md-offset-0 vc_col-sm-offset-0&#8243;][vc_column_text]<\/p>\n<h2>Escriptori remot<\/h2>\n<p>[\/vc_column_text][vc_separator type=&#8221;small&#8221; position=&#8221;center&#8221;][vc_column_text]<\/p>\n<p style=\"text-align: center;\">Un escriptori remot, com el conegut RDC (Remote Desktop Connection) de Microsoft, \u00e9s un recurs inform\u00e0tic que et permet utilitzar un ordinador des d&#8217;una altra m\u00e0quina situada en un altre lloc. En poques paraules, l&#8217;escriptori remot et permet accedir i interactuar amb un ordinador a dist\u00e0ncia.<\/p>\n<p>[\/vc_column_text][vc_separator type=&#8221;transparent&#8221; up=&#8221;30&#8243; down=&#8221;0&#8243;][vc_column_text]<\/p>\n<h3>Per qu\u00e8 comptar amb escriptoris en manera remota?<\/h3>\n<p>[\/vc_column_text][vc_separator type=&#8221;transparent&#8221; up=&#8221;30&#8243; down=&#8221;0&#8243;][vc_column_text]<\/p>\n<p style=\"text-align: center;\">\u2022 Protegim les dades enfront de tercers o fins i tot, enfront d&#8217;usuaris propis.<br \/>\n\u2022 Protegim les transfer\u00e8ncies d&#8217;informaci\u00f3 interna.<br \/>\n\u2022 Disminuci\u00f3 dels costos d&#8217;infraestructura i el seu manteniment.<br \/>\n\u2022 Flexibilitzem i facilitem el desplegament de nous llocs de treball.<\/p>\n<p>[\/vc_column_text][vc_separator type=&#8221;transparent&#8221; up=&#8221;40&#8243; down=&#8221;0&#8243;][\/vc_column][vc_column offset=&#8221;vc_col-lg-offset-0 vc_col-lg-6 vc_col-md-offset-0 vc_col-sm-offset-0&#8243;][vc_separator type=&#8221;transparent&#8221; up=&#8221;7&#8243; down=&#8221;0&#8243;][vc_single_image image=&#8221;1098&#8243; img_size=&#8221;full&#8221; alignment=&#8221;center&#8221; qode_css_animation=&#8221;element_from_left&#8221;][\/vc_column][\/vc_row][vc_row row_type=&#8221;parallax&#8221; parallax_content_width=&#8221;full_width&#8221; text_align=&#8221;left&#8221; full_screen_section_height=&#8221;no&#8221; background_image=&#8221;724&#8243;][vc_column][vc_separator type=&#8221;transparent&#8221; up=&#8221;126&#8243; down=&#8221;0&#8243;][vc_row_inner row_type=&#8221;row&#8221; type=&#8221;grid&#8221; text_align=&#8221;left&#8221; css_animation=&#8221;&#8221;][vc_column_inner width=&#8221;2\/3&#8243; offset=&#8221;vc_col-lg-offset-0 vc_col-md-offset-0 vc_col-sm-offset-0&#8243;][vc_separator type=&#8221;transparent&#8221; up=&#8221;40&#8243; down=&#8221;0&#8243;][vc_column_text]<\/p>\n<h2 style=\"color: #fff;\">Busques un programa per a la teva empresa?<\/h2>\n<h3 style=\"color: #fff;\">Contacta amb nosaltres i t&#8217;ajudarem a trobar el que millor s&#8217;adapti a les teves necessitats.<\/h3>\n<p>[\/vc_column_text][vc_separator type=&#8221;transparent&#8221; up=&#8221;40&#8243; down=&#8221;0&#8243;][\/vc_column_inner][vc_column_inner width=&#8221;1\/3&#8243;][vc_separator type=&#8221;transparent&#8221; up=&#8221;40&#8243; down=&#8221;0&#8243;]\n\n\t<a href=\"http:\/\/passolutions.es\/?page_id=274\" target=\"_self\"  class=\"qode-btn qode-btn-medium qode-btn-solid qode-btn-icon qode-btn-default-hover\"  >\n\t    <span class=\"qode-btn-text\">Contactar<\/span><span class=\"qode-button-v2-icon-holder\"  ><i class=\"qode_icon_font_awesome fa fa-arrow-circle-o-right qode-button-v2-icon-holder-inner\" ><\/i><\/span>\t<\/a>\n\n[vc_separator type=&#8221;transparent&#8221; up=&#8221;40&#8243; down=&#8221;0&#8243;][\/vc_column_inner][\/vc_row_inner][vc_separator type=&#8221;transparent&#8221; up=&#8221;80&#8243; down=&#8221;0&#8243;][\/vc_column][\/vc_row][vc_row css_animation=&#8221;&#8221; row_type=&#8221;row&#8221; use_row_as_full_screen_section=&#8221;no&#8221; type=&#8221;full_width&#8221; angled_section=&#8221;no&#8221; text_align=&#8221;left&#8221; background_image_as_pattern=&#8221;without_pattern&#8221; background_color=&#8221;#2d5c88&#8243; z_index=&#8221;&#8221;][vc_column]<div class='qode_carousels_holder clearfix'><div class='qode_carousels' data-number-of-visible-items=''><ul class='slides'><li class='item'><div class=\"carousel_item_holder\"><a itemprop='url' href='http:\/\/passolutions.es\/?page_id=274' target='_blank'><span class='first_image_holder has_hover_image'><img decoding=\"async\" itemprop=\"image\" src=\"http:\/\/passolutions.es\/wp-content\/uploads\/2020\/12\/sage-1.png\" alt=\"carousel image\" \/><\/span><span class='second_image_holder has_hover_image'><img decoding=\"async\" itemprop=\"image\" src=\"http:\/\/passolutions.es\/wp-content\/uploads\/2020\/12\/sage-1.png\" alt=\"carousel image\" \/><\/span><\/a><\/div><\/li><li class='item'><div class=\"carousel_item_holder\"><a itemprop='url' href='http:\/\/passolutions.es\/?page_id=274' target='_blank'><span class='first_image_holder has_hover_image'><img decoding=\"async\" itemprop=\"image\" src=\"http:\/\/passolutions.es\/wp-content\/uploads\/2020\/12\/microsoft-1.png\" alt=\"carousel image\" \/><\/span><span class='second_image_holder has_hover_image'><img decoding=\"async\" itemprop=\"image\" src=\"http:\/\/passolutions.es\/wp-content\/uploads\/2020\/12\/microsoft-1.png\" alt=\"carousel image\" \/><\/span><\/a><\/div><\/li><li class='item'><div class=\"carousel_item_holder\"><a itemprop='url' href='http:\/\/passolutions.es\/?page_id=274' target='_blank'><span class='first_image_holder has_hover_image'><img decoding=\"async\" itemprop=\"image\" src=\"http:\/\/passolutions.es\/wp-content\/uploads\/2020\/12\/sonicwall.png\" alt=\"carousel image\" \/><\/span><span class='second_image_holder has_hover_image'><img decoding=\"async\" itemprop=\"image\" src=\"http:\/\/passolutions.es\/wp-content\/uploads\/2020\/12\/sonicwall.png\" alt=\"carousel image\" \/><\/span><\/a><\/div><\/li><li class='item'><div class=\"carousel_item_holder\"><a itemprop='url' href='http:\/\/passolutions.es\/?page_id=274' target='_blank'><span class='first_image_holder has_hover_image'><img decoding=\"async\" itemprop=\"image\" src=\"http:\/\/passolutions.es\/wp-content\/uploads\/2020\/12\/apple.png\" alt=\"carousel image\" \/><\/span><span class='second_image_holder has_hover_image'><img decoding=\"async\" itemprop=\"image\" src=\"http:\/\/passolutions.es\/wp-content\/uploads\/2020\/12\/apple.png\" alt=\"carousel image\" \/><\/span><\/a><\/div><\/li><li class='item'><div class=\"carousel_item_holder\"><a itemprop='url' href='http:\/\/passolutions.es\/?page_id=274' target='_blank'><span class='first_image_holder has_hover_image'><img decoding=\"async\" itemprop=\"image\" src=\"http:\/\/passolutions.es\/wp-content\/uploads\/2020\/12\/dell.png\" alt=\"carousel image\" \/><\/span><span class='second_image_holder has_hover_image'><img decoding=\"async\" itemprop=\"image\" src=\"http:\/\/passolutions.es\/wp-content\/uploads\/2020\/12\/dell.png\" alt=\"carousel image\" \/><\/span><\/a><\/div><\/li><li class='item'><div class=\"carousel_item_holder\"><a itemprop='url' href='http:\/\/passolutions.es\/?page_id=274' target='_blank'><span class='first_image_holder has_hover_image'><img decoding=\"async\" itemprop=\"image\" src=\"http:\/\/passolutions.es\/wp-content\/uploads\/2020\/12\/hp.png\" alt=\"carousel image\" \/><\/span><span class='second_image_holder has_hover_image'><img decoding=\"async\" itemprop=\"image\" src=\"http:\/\/passolutions.es\/wp-content\/uploads\/2020\/12\/hp.png\" alt=\"carousel image\" \/><\/span><\/a><\/div><\/li><li class='item'><div class=\"carousel_item_holder\"><a itemprop='url' href='http:\/\/passolutions.es\/?page_id=274' target='_blank'><span class='first_image_holder '><img decoding=\"async\" itemprop=\"image\" src=\"http:\/\/passolutions.es\/wp-content\/uploads\/2020\/12\/samsung.png\" alt=\"carousel image\" \/><\/span><\/a><\/div><\/li><li class='item'><div class=\"carousel_item_holder\"><a itemprop='url' href='http:\/\/passolutions.es\/?page_id=274' target='_blank'><span class='first_image_holder has_hover_image'><img decoding=\"async\" itemprop=\"image\" src=\"http:\/\/passolutions.es\/wp-content\/uploads\/2020\/12\/tsplus.png\" alt=\"carousel image\" \/><\/span><span class='second_image_holder has_hover_image'><img decoding=\"async\" itemprop=\"image\" src=\"http:\/\/passolutions.es\/wp-content\/uploads\/2020\/12\/tsplus.png\" alt=\"carousel image\" \/><\/span><\/a><\/div><\/li><\/ul><\/div><\/div>[\/vc_column][\/vc_row]<\/p>\n<\/div>","protected":false},"excerpt":{"rendered":"<p>[vc_row css_animation=&#8221;&#8221; row_type=&#8221;row&#8221; use_row_as_full_screen_section=&#8221;no&#8221; type=&#8221;grid&#8221; angled_section=&#8221;no&#8221; text_align=&#8221;center&#8221; background_image_as_pattern=&#8221;without_pattern&#8221; padding_top=&#8221;75&#8243; padding_bottom=&#8221;105&#8243; z_index=&#8221;&#8221;][vc_column offset=&#8221;vc_col-lg-offset-0 vc_col-lg-6 vc_col-md-offset-0 vc_col-sm-offset-0&#8243;][vc_column_text] experts en remot [\/vc_column_text][vc_separator type=&#8221;small&#8221; position=&#8221;center&#8221;][vc_column_text] VPN [\/vc_column_text][vc_separator type=&#8221;transparent&#8221; up=&#8221;30&#8243; down=&#8221;0&#8243;][vc_column_text] Una VPN (Virtual Private Network) \u00e9s una tecnologia de xarxa que s&#8217;utilitza per a connectar una o m\u00e9s computadores&#8230;<\/p>\n","protected":false},"author":1,"featured_media":0,"parent":504,"menu_order":0,"comment_status":"closed","ping_status":"closed","template":"full_width.php","meta":{"footnotes":""},"class_list":["post-961","page","type-page","status-publish","hentry"],"yoast_head":"<!-- This site is optimized with the Yoast SEO plugin v27.3 - https:\/\/yoast.com\/product\/yoast-seo-wordpress\/ -->\n<title>VPN i escriptori remot - PasSolutions<\/title>\n<meta name=\"robots\" content=\"index, follow, max-snippet:-1, max-image-preview:large, max-video-preview:-1\" \/>\n<link rel=\"canonical\" href=\"https:\/\/passolutions.es\/index.php\/serveis\/firewall-i-escriptori-remot\/\" \/>\n<meta property=\"og:locale\" content=\"ca_ES\" \/>\n<meta property=\"og:type\" content=\"article\" \/>\n<meta property=\"og:title\" content=\"VPN i escriptori remot - PasSolutions\" \/>\n<meta property=\"og:description\" content=\"[vc_row css_animation=&#8221;&#8221; row_type=&#8221;row&#8221; use_row_as_full_screen_section=&#8221;no&#8221; type=&#8221;grid&#8221; angled_section=&#8221;no&#8221; text_align=&#8221;center&#8221; background_image_as_pattern=&#8221;without_pattern&#8221; padding_top=&#8221;75&#8243; padding_bottom=&#8221;105&#8243; z_index=&#8221;&#8221;][vc_column offset=&#8221;vc_col-lg-offset-0 vc_col-lg-6 vc_col-md-offset-0 vc_col-sm-offset-0&#8243;][vc_column_text] experts en remot [\/vc_column_text][vc_separator type=&#8221;small&#8221; position=&#8221;center&#8221;][vc_column_text] VPN [\/vc_column_text][vc_separator type=&#8221;transparent&#8221; up=&#8221;30&#8243; down=&#8221;0&#8243;][vc_column_text] Una VPN (Virtual Private Network) \u00e9s una tecnologia de xarxa que s&#8217;utilitza per a connectar una o m\u00e9s computadores...\" \/>\n<meta property=\"og:url\" content=\"https:\/\/passolutions.es\/index.php\/serveis\/firewall-i-escriptori-remot\/\" \/>\n<meta property=\"og:site_name\" content=\"PasSolutions\" \/>\n<meta property=\"article:modified_time\" content=\"2021-03-01T10:47:18+00:00\" \/>\n<meta name=\"twitter:card\" content=\"summary_large_image\" \/>\n<meta name=\"twitter:label1\" content=\"Temps estimat de lectura\" \/>\n\t<meta name=\"twitter:data1\" content=\"3 minuts\" \/>\n<script type=\"application\/ld+json\" class=\"yoast-schema-graph\">{\"@context\":\"https:\\\/\\\/schema.org\",\"@graph\":[{\"@type\":\"WebPage\",\"@id\":\"https:\\\/\\\/passolutions.es\\\/index.php\\\/serveis\\\/firewall-i-escriptori-remot\\\/\",\"url\":\"https:\\\/\\\/passolutions.es\\\/index.php\\\/serveis\\\/firewall-i-escriptori-remot\\\/\",\"name\":\"VPN i escriptori remot - PasSolutions\",\"isPartOf\":{\"@id\":\"https:\\\/\\\/passolutions.es\\\/#website\"},\"datePublished\":\"2020-12-30T12:59:48+00:00\",\"dateModified\":\"2021-03-01T10:47:18+00:00\",\"breadcrumb\":{\"@id\":\"https:\\\/\\\/passolutions.es\\\/index.php\\\/serveis\\\/firewall-i-escriptori-remot\\\/#breadcrumb\"},\"inLanguage\":\"ca\",\"potentialAction\":[{\"@type\":\"ReadAction\",\"target\":[\"https:\\\/\\\/passolutions.es\\\/index.php\\\/serveis\\\/firewall-i-escriptori-remot\\\/\"]}]},{\"@type\":\"BreadcrumbList\",\"@id\":\"https:\\\/\\\/passolutions.es\\\/index.php\\\/serveis\\\/firewall-i-escriptori-remot\\\/#breadcrumb\",\"itemListElement\":[{\"@type\":\"ListItem\",\"position\":1,\"name\":\"Inici\",\"item\":\"https:\\\/\\\/passolutions.es\\\/\"},{\"@type\":\"ListItem\",\"position\":2,\"name\":\"Serveis\",\"item\":\"https:\\\/\\\/passolutions.es\\\/index.php\\\/serveis\\\/\"},{\"@type\":\"ListItem\",\"position\":3,\"name\":\"VPN i escriptori remot\"}]},{\"@type\":\"WebSite\",\"@id\":\"https:\\\/\\\/passolutions.es\\\/#website\",\"url\":\"https:\\\/\\\/passolutions.es\\\/\",\"name\":\"PasSolutions\",\"description\":\"El teu aliat tecnol\u00f2gic des de 1994\",\"publisher\":{\"@id\":\"https:\\\/\\\/passolutions.es\\\/#organization\"},\"potentialAction\":[{\"@type\":\"SearchAction\",\"target\":{\"@type\":\"EntryPoint\",\"urlTemplate\":\"https:\\\/\\\/passolutions.es\\\/?s={search_term_string}\"},\"query-input\":{\"@type\":\"PropertyValueSpecification\",\"valueRequired\":true,\"valueName\":\"search_term_string\"}}],\"inLanguage\":\"ca\"},{\"@type\":\"Organization\",\"@id\":\"https:\\\/\\\/passolutions.es\\\/#organization\",\"name\":\"PasSolutions\",\"url\":\"https:\\\/\\\/passolutions.es\\\/\",\"logo\":{\"@type\":\"ImageObject\",\"inLanguage\":\"ca\",\"@id\":\"https:\\\/\\\/passolutions.es\\\/#\\\/schema\\\/logo\\\/image\\\/\",\"url\":\"http:\\\/\\\/passolutions.es\\\/wp-content\\\/uploads\\\/2020\\\/12\\\/logo-1.png\",\"contentUrl\":\"http:\\\/\\\/passolutions.es\\\/wp-content\\\/uploads\\\/2020\\\/12\\\/logo-1.png\",\"width\":340,\"height\":79,\"caption\":\"PasSolutions\"},\"image\":{\"@id\":\"https:\\\/\\\/passolutions.es\\\/#\\\/schema\\\/logo\\\/image\\\/\"}}]}<\/script>\n<!-- \/ Yoast SEO plugin. -->","yoast_head_json":{"title":"VPN i escriptori remot - PasSolutions","robots":{"index":"index","follow":"follow","max-snippet":"max-snippet:-1","max-image-preview":"max-image-preview:large","max-video-preview":"max-video-preview:-1"},"canonical":"https:\/\/passolutions.es\/index.php\/serveis\/firewall-i-escriptori-remot\/","og_locale":"ca_ES","og_type":"article","og_title":"VPN i escriptori remot - PasSolutions","og_description":"[vc_row css_animation=&#8221;&#8221; row_type=&#8221;row&#8221; use_row_as_full_screen_section=&#8221;no&#8221; type=&#8221;grid&#8221; angled_section=&#8221;no&#8221; text_align=&#8221;center&#8221; background_image_as_pattern=&#8221;without_pattern&#8221; padding_top=&#8221;75&#8243; padding_bottom=&#8221;105&#8243; z_index=&#8221;&#8221;][vc_column offset=&#8221;vc_col-lg-offset-0 vc_col-lg-6 vc_col-md-offset-0 vc_col-sm-offset-0&#8243;][vc_column_text] experts en remot [\/vc_column_text][vc_separator type=&#8221;small&#8221; position=&#8221;center&#8221;][vc_column_text] VPN [\/vc_column_text][vc_separator type=&#8221;transparent&#8221; up=&#8221;30&#8243; down=&#8221;0&#8243;][vc_column_text] Una VPN (Virtual Private Network) \u00e9s una tecnologia de xarxa que s&#8217;utilitza per a connectar una o m\u00e9s computadores...","og_url":"https:\/\/passolutions.es\/index.php\/serveis\/firewall-i-escriptori-remot\/","og_site_name":"PasSolutions","article_modified_time":"2021-03-01T10:47:18+00:00","twitter_card":"summary_large_image","twitter_misc":{"Temps estimat de lectura":"3 minuts"},"schema":{"@context":"https:\/\/schema.org","@graph":[{"@type":"WebPage","@id":"https:\/\/passolutions.es\/index.php\/serveis\/firewall-i-escriptori-remot\/","url":"https:\/\/passolutions.es\/index.php\/serveis\/firewall-i-escriptori-remot\/","name":"VPN i escriptori remot - PasSolutions","isPartOf":{"@id":"https:\/\/passolutions.es\/#website"},"datePublished":"2020-12-30T12:59:48+00:00","dateModified":"2021-03-01T10:47:18+00:00","breadcrumb":{"@id":"https:\/\/passolutions.es\/index.php\/serveis\/firewall-i-escriptori-remot\/#breadcrumb"},"inLanguage":"ca","potentialAction":[{"@type":"ReadAction","target":["https:\/\/passolutions.es\/index.php\/serveis\/firewall-i-escriptori-remot\/"]}]},{"@type":"BreadcrumbList","@id":"https:\/\/passolutions.es\/index.php\/serveis\/firewall-i-escriptori-remot\/#breadcrumb","itemListElement":[{"@type":"ListItem","position":1,"name":"Inici","item":"https:\/\/passolutions.es\/"},{"@type":"ListItem","position":2,"name":"Serveis","item":"https:\/\/passolutions.es\/index.php\/serveis\/"},{"@type":"ListItem","position":3,"name":"VPN i escriptori remot"}]},{"@type":"WebSite","@id":"https:\/\/passolutions.es\/#website","url":"https:\/\/passolutions.es\/","name":"PasSolutions","description":"El teu aliat tecnol\u00f2gic des de 1994","publisher":{"@id":"https:\/\/passolutions.es\/#organization"},"potentialAction":[{"@type":"SearchAction","target":{"@type":"EntryPoint","urlTemplate":"https:\/\/passolutions.es\/?s={search_term_string}"},"query-input":{"@type":"PropertyValueSpecification","valueRequired":true,"valueName":"search_term_string"}}],"inLanguage":"ca"},{"@type":"Organization","@id":"https:\/\/passolutions.es\/#organization","name":"PasSolutions","url":"https:\/\/passolutions.es\/","logo":{"@type":"ImageObject","inLanguage":"ca","@id":"https:\/\/passolutions.es\/#\/schema\/logo\/image\/","url":"http:\/\/passolutions.es\/wp-content\/uploads\/2020\/12\/logo-1.png","contentUrl":"http:\/\/passolutions.es\/wp-content\/uploads\/2020\/12\/logo-1.png","width":340,"height":79,"caption":"PasSolutions"},"image":{"@id":"https:\/\/passolutions.es\/#\/schema\/logo\/image\/"}}]}},"_links":{"self":[{"href":"https:\/\/passolutions.es\/index.php\/wp-json\/wp\/v2\/pages\/961","targetHints":{"allow":["GET"]}}],"collection":[{"href":"https:\/\/passolutions.es\/index.php\/wp-json\/wp\/v2\/pages"}],"about":[{"href":"https:\/\/passolutions.es\/index.php\/wp-json\/wp\/v2\/types\/page"}],"author":[{"embeddable":true,"href":"https:\/\/passolutions.es\/index.php\/wp-json\/wp\/v2\/users\/1"}],"replies":[{"embeddable":true,"href":"https:\/\/passolutions.es\/index.php\/wp-json\/wp\/v2\/comments?post=961"}],"version-history":[{"count":9,"href":"https:\/\/passolutions.es\/index.php\/wp-json\/wp\/v2\/pages\/961\/revisions"}],"predecessor-version":[{"id":1130,"href":"https:\/\/passolutions.es\/index.php\/wp-json\/wp\/v2\/pages\/961\/revisions\/1130"}],"up":[{"embeddable":true,"href":"https:\/\/passolutions.es\/index.php\/wp-json\/wp\/v2\/pages\/504"}],"wp:attachment":[{"href":"https:\/\/passolutions.es\/index.php\/wp-json\/wp\/v2\/media?parent=961"}],"curies":[{"name":"wp","href":"https:\/\/api.w.org\/{rel}","templated":true}]}}